{"id":99,"date":"2019-08-22T12:06:06","date_gmt":"2019-08-22T10:06:06","guid":{"rendered":"http:\/\/quimper-evenements.lan\/pro\/?page_id=99"},"modified":"2026-04-29T10:09:19","modified_gmt":"2026-04-29T08:09:19","slug":"contact-acces","status":"publish","type":"page","link":"https:\/\/quimper-evenements.fr\/pro\/contact-acces\/","title":{"rendered":"Contact"},"content":{"rendered":"\n<style type=\"text\/css\" data-created_by=\"avia_inline_auto\" id=\"style-css-av-jzmg3gk2-6df2fc257f49412c69d056bfeffd64b3\">\n.avia-section.av-jzmg3gk2-6df2fc257f49412c69d056bfeffd64b3{\nbackground-repeat:no-repeat;\nbackground-image:url(https:\/\/quimper-evenements.fr\/pro\/wp-content\/uploads\/sites\/2\/2019\/07\/centre_congr\u00e8s_quimper_exterieur.jpg);\nbackground-position:50% 50%;\nbackground-attachment:scroll;\n}\n.avia-section.av-jzmg3gk2-6df2fc257f49412c69d056bfeffd64b3 .av-section-color-overlay{\nopacity:0.7;\nbackground-color:#e20586;\n}\n<\/style>\n<div id='av_section_1'  class='avia-section av-jzmg3gk2-6df2fc257f49412c69d056bfeffd64b3 main_color avia-section-default avia-no-border-styling  avia-builder-el-0  el_before_av_section  avia-builder-el-first  avia-bg-style-scroll av-section-color-overlay-active av-minimum-height av-minimum-height-custom av-height-custom  container_wrap fullsize'  data-section-bg-repeat='no-repeat' data-av_minimum_height_px='247'><div class=\"av-section-color-overlay-wrap\"><div class=\"av-section-color-overlay\"><\/div><div class='container av-section-cont-open' style='height:247px'><main  role=\"main\" itemprop=\"mainContentOfPage\"  class='template-page content  av-content-full alpha units'><div class='post-entry post-entry-type-page post-entry-99'><div class='entry-content-wrapper clearfix'>\n\n<style type=\"text\/css\" data-created_by=\"avia_inline_auto\" id=\"style-css-av-jzv61xb3-581c0da44bedc1f5111f9de892f4ea77\">\n#top .av-special-heading.av-jzv61xb3-581c0da44bedc1f5111f9de892f4ea77{\npadding-bottom:10px;\ncolor:#ffffff;\n}\nbody .av-special-heading.av-jzv61xb3-581c0da44bedc1f5111f9de892f4ea77 .av-special-heading-tag .heading-char{\nfont-size:25px;\n}\n.av-special-heading.av-jzv61xb3-581c0da44bedc1f5111f9de892f4ea77 .special-heading-inner-border{\nborder-color:#ffffff;\n}\n.av-special-heading.av-jzv61xb3-581c0da44bedc1f5111f9de892f4ea77 .av-subheading{\nfont-size:25px;\n}\n<\/style>\n<div  class='av-special-heading av-jzv61xb3-581c0da44bedc1f5111f9de892f4ea77 av-special-heading-h1 custom-color-heading blockquote modern-quote  avia-builder-el-1  avia-builder-el-no-sibling '><h1 class='av-special-heading-tag '  itemprop=\"headline\"  >Contact<\/h1><div class=\"special-heading-border\"><div class=\"special-heading-inner-border\"><\/div><\/div><\/div>\n\n<\/div><\/div><\/main><!-- close content main element --><\/div><\/div><\/div><div id='av_section_2'  class='avia-section av-15mwc7-c630beb48faab51e8cc674f1b4f5d034 main_color avia-section-default avia-no-border-styling  avia-builder-el-2  el_after_av_section  el_before_av_one_full  avia-bg-style-scroll container_wrap fullsize'  ><div class='container av-section-cont-open' ><div class='template-page content  av-content-full alpha units'><div class='post-entry post-entry-type-page post-entry-99'><div class='entry-content-wrapper clearfix'>\n\n<style type=\"text\/css\" data-created_by=\"avia_inline_auto\" id=\"style-css-av-16lsn-35592e737187353ab59ce080d8e7e519\">\n#top .av-special-heading.av-16lsn-35592e737187353ab59ce080d8e7e519{\npadding-bottom:10px;\n}\nbody .av-special-heading.av-16lsn-35592e737187353ab59ce080d8e7e519 .av-special-heading-tag .heading-char{\nfont-size:25px;\n}\n.av-special-heading.av-16lsn-35592e737187353ab59ce080d8e7e519 .av-subheading{\nfont-size:15px;\n}\n<\/style>\n<div  class='av-special-heading av-16lsn-35592e737187353ab59ce080d8e7e519 av-special-heading-h3  avia-builder-el-3  el_before_av_one_full  avia-builder-el-first  av-linked-heading'><h3 class='av-special-heading-tag '  itemprop=\"headline\"  >Nous contacter<\/h3><div class=\"special-heading-border\"><div class=\"special-heading-inner-border\"><\/div><\/div><\/div>\n\n<style type=\"text\/css\" data-created_by=\"avia_inline_auto\" id=\"style-css-av-11lmj-59c1ba3a13cb13d6b19ec10441fb95de\">\n.flex_column.av-11lmj-59c1ba3a13cb13d6b19ec10441fb95de{\nborder-radius:0px 0px 0px 0px;\npadding:0px 0px 0px 0px;\n}\n<\/style>\n<div  class='flex_column av-11lmj-59c1ba3a13cb13d6b19ec10441fb95de av_one_full  avia-builder-el-4  el_after_av_heading  avia-builder-el-last  first flex_column_div av-zero-column-padding  '     ><p><section  class='av_textblock_section av-k8ihvagj-7145fe9f739eb8163017fa265d8dd04a '   itemscope=\"itemscope\" itemtype=\"https:\/\/schema.org\/CreativeWork\" ><div class='avia_textblock'  itemprop=\"text\" ><p>Pour toute question n&rsquo;h\u00e9sitez pas \u00e0 nous contacter.<\/p>\n\n<style type=\"text\/css\" data-created_by=\"avia_inline_auto\" id=\"style-css-av-89d0p-16c3fa8e08e589ff7f66c920f16b1256\">\n.av_font_icon.av-89d0p-16c3fa8e08e589ff7f66c920f16b1256 .av-icon-char{\nfont-size:20px;\nline-height:20px;\n}\n<\/style>\n<span  class='av_font_icon av-89d0p-16c3fa8e08e589ff7f66c920f16b1256 avia_animate_when_visible av-icon-style- avia-icon-pos-left avia-iconfont avia-font-entypo-fontello av-no-color avia-icon-animate'><span class='av-icon-char' data-av_icon='\ue81f' data-av_iconfont='entypo-fontello' aria-hidden=\"true\" ><\/span><\/span>\n<p><a href=\"https:\/\/quimper-evenements.fr\/public\/faq\/\" target=\"_blank\" rel=\"noopener\">Pensez \u00e9galement \u00e0 consulter la Foire Aux Questions (FAQ).<\/a><\/p>\n<\/div><\/section><br \/>\n<section  class='av_textblock_section av-k2c1mvc8-6221766fd904cd21881d0f66f9afa4b7 '   itemscope=\"itemscope\" itemtype=\"https:\/\/schema.org\/CreativeWork\" ><div class='avia_textblock'  itemprop=\"text\" ><p>Nous sommes\u00a0<strong>\u00e0 votre service<\/strong>\u00a0pour<strong>\u00a0accueillir votre \u00e9v\u00e9nement<\/strong>\u00a0et\u00a0<strong>mobiliser tous les acteurs<\/strong>\u00a0du territoire.<\/p>\n<\/div><\/section><\/p><\/div>\n<\/div><\/div><\/div><!-- close content main div --><\/div><\/div><div id='after_section_2'  class='main_color av_default_container_wrap container_wrap fullsize'  ><div class='container av-section-cont-open' ><div class='template-page content  av-content-full alpha units'><div class='post-entry post-entry-type-page post-entry-99'><div class='entry-content-wrapper clearfix'>\n<div  class='flex_column av-3ewz-f24b6abcc322c024eb649899f94dfebe av_one_full  avia-builder-el-8  el_after_av_section  el_before_av_one_third  avia-builder-el-first  first flex_column_div  '     ><section  class='av_textblock_section av-lqghm4fu-30e3a71b18bae68986e7069026ad78e9 '   itemscope=\"itemscope\" itemtype=\"https:\/\/schema.org\/CreativeWork\" ><div class='avia_textblock'  itemprop=\"text\" ><h2>Demander un devis<\/h2>\n<\/div><\/section><br \/>\n<\/p><\/div>\n<div class='flex_column_table av-20l9r-f9a4f4cba8505d626c2f86c4fba765f0 sc-av_one_third av-equal-height-column-flextable'>\n<style type=\"text\/css\" data-created_by=\"avia_inline_auto\" id=\"style-css-av-20l9r-f9a4f4cba8505d626c2f86c4fba765f0\">\n.flex_column.av-20l9r-f9a4f4cba8505d626c2f86c4fba765f0{\nborder-radius:0px 0px 0px 0px;\npadding:0px 0px 0px 0px;\n}\n<\/style>\n<div  class='flex_column av-20l9r-f9a4f4cba8505d626c2f86c4fba765f0 av_one_third  avia-builder-el-11  el_after_av_one_full  avia-builder-el-last  first flex_column_table_cell av-equal-height-column av-align-middle av-zero-column-padding  column-top-margin'     ><section  class='av_textblock_section av-jzmg903n-a1303e1088389cd35f28717e14926d7d '   itemscope=\"itemscope\" itemtype=\"https:\/\/schema.org\/CreativeWork\" ><div class='avia_textblock'  itemprop=\"text\" ><p><a href=\"tel:0298520016\"><strong>02 98 52 00 16<\/strong><\/a><\/p>\n<p>Quimper Ev\u00e9nements<br \/>\n32 bis rue de Stang Bihan<br \/>\n29000 QUIMPER<\/p>\n<\/div><\/section><\/div><\/div><!--close column table wrapper. Autoclose: 1 -->\n","protected":false},"excerpt":{"rendered":"<p>Contactez-nous : contact@quimper-evenements.fr<br \/>\nLocation de salles \u00e0 Quimper &#8211; Bretagne pour vos congr\u00e8s, s\u00e9minaires, salons, \u00e9v\u00e9nements &#8230;<\/p>\n","protected":false},"author":1,"featured_media":0,"parent":0,"menu_order":0,"comment_status":"closed","ping_status":"closed","template":"","meta":{"footnotes":""},"class_list":["post-99","page","type-page","status-publish","hentry"],"_links":{"self":[{"href":"https:\/\/quimper-evenements.fr\/pro\/wp-json\/wp\/v2\/pages\/99","targetHints":{"allow":["GET"]}}],"collection":[{"href":"https:\/\/quimper-evenements.fr\/pro\/wp-json\/wp\/v2\/pages"}],"about":[{"href":"https:\/\/quimper-evenements.fr\/pro\/wp-json\/wp\/v2\/types\/page"}],"author":[{"embeddable":true,"href":"https:\/\/quimper-evenements.fr\/pro\/wp-json\/wp\/v2\/users\/1"}],"replies":[{"embeddable":true,"href":"https:\/\/quimper-evenements.fr\/pro\/wp-json\/wp\/v2\/comments?post=99"}],"version-history":[{"count":48,"href":"https:\/\/quimper-evenements.fr\/pro\/wp-json\/wp\/v2\/pages\/99\/revisions"}],"predecessor-version":[{"id":2103,"href":"https:\/\/quimper-evenements.fr\/pro\/wp-json\/wp\/v2\/pages\/99\/revisions\/2103"}],"wp:attachment":[{"href":"https:\/\/quimper-evenements.fr\/pro\/wp-json\/wp\/v2\/media?parent=99"}],"curies":[{"name":"wp","href":"https:\/\/api.w.org\/{rel}","templated":true}]}}