{"id":4375,"date":"2024-03-11T12:51:23","date_gmt":"2024-03-11T11:51:23","guid":{"rendered":"https:\/\/quimper-evenements.fr\/public\/?page_id=4375"},"modified":"2024-03-11T14:32:40","modified_gmt":"2024-03-11T13:32:40","slug":"hebergement","status":"publish","type":"page","link":"https:\/\/quimper-evenements.fr\/public\/hebergement\/","title":{"rendered":"H\u00e9bergement"},"content":{"rendered":"\n<style type=\"text\/css\" data-created_by=\"avia_inline_auto\" id=\"style-css-av-jzmg3gk2-b0005f24f4fa2f1b646d03095886dd2f\">\n.avia-section.av-jzmg3gk2-b0005f24f4fa2f1b646d03095886dd2f .av-section-color-overlay{\nopacity:0.7;\nbackground-color:#e20586;\n}\n<\/style>\n<div id='av_section_1'  class='avia-section av-jzmg3gk2-b0005f24f4fa2f1b646d03095886dd2f main_color avia-section-default avia-no-border-styling  avia-builder-el-0  el_before_av_textblock  avia-builder-el-first  avia-bg-style-scroll av-section-color-overlay-active av-minimum-height av-minimum-height-custom av-height-custom  container_wrap fullsize'   data-av_minimum_height_px='247'><div class=\"av-section-color-overlay-wrap\"><div class=\"av-section-color-overlay\"><\/div><div class='container av-section-cont-open' style='height:247px'><main  role=\"main\" itemprop=\"mainContentOfPage\"  class='template-page content  av-content-full alpha units'><div class='post-entry post-entry-type-page post-entry-4375'><div class='entry-content-wrapper clearfix'>\n\n<style type=\"text\/css\" data-created_by=\"avia_inline_auto\" id=\"style-css-av-k6gidz0h-9042a758cf1a02664736633e9468407b\">\n#top .av-special-heading.av-k6gidz0h-9042a758cf1a02664736633e9468407b{\npadding-bottom:10px;\ncolor:#ffffff;\n}\nbody .av-special-heading.av-k6gidz0h-9042a758cf1a02664736633e9468407b .av-special-heading-tag .heading-char{\nfont-size:25px;\n}\n.av-special-heading.av-k6gidz0h-9042a758cf1a02664736633e9468407b .special-heading-inner-border{\nborder-color:#ffffff;\n}\n.av-special-heading.av-k6gidz0h-9042a758cf1a02664736633e9468407b .av-subheading{\nfont-size:25px;\n}\n<\/style>\n<div  class='av-special-heading av-k6gidz0h-9042a758cf1a02664736633e9468407b av-special-heading-h1 custom-color-heading blockquote modern-quote  avia-builder-el-1  avia-builder-el-no-sibling  av-linked-heading'><h1 class='av-special-heading-tag '  itemprop=\"headline\"  >H\u00e9bergement<\/h1><div class='av_custom_color av-subheading av-subheading_below'><p> Des professionnels \u00e0 votre service. <\/p>\n<\/div><div class=\"special-heading-border\"><div class=\"special-heading-inner-border\"><\/div><\/div><\/div>\n<\/div><\/div><\/main><!-- close content main element --><\/div><\/div><\/div><div id='after_section_1'  class='main_color av_default_container_wrap container_wrap fullsize'  ><div class='container av-section-cont-open' ><div class='template-page content  av-content-full alpha units'><div class='post-entry post-entry-type-page post-entry-4375'><div class='entry-content-wrapper clearfix'>\n<section  class='av_textblock_section av-jztwxptb-5e606d7e94d28e65a3197b631dc17b6e '   itemscope=\"itemscope\" itemtype=\"https:\/\/schema.org\/CreativeWork\" ><div class='avia_textblock'  itemprop=\"text\" ><h3>H\u00f4tels partenaires<\/h3>\n<p>Dans le cadre de l&rsquo;organisation de votre venue \u00e0 Quimper, vous recherchez un ou plusieurs h\u00e9bergements ? R\u00e9servez d\u00e8s maintenant votre h\u00e9bergement sur la plateforme Revolugo, partenaire de Quimper \u00c9v\u00e9nements.<\/p>\n<\/div><\/section>\n<div  class='avia-button-wrap av-ltmunjft-6db42b614718f977e7ae9c85f2136e7d-wrap avia-button-center  avia-builder-el-3  el_after_av_textblock  el_before_av_hr '><a href='https:\/\/quimper-evenements.fr\/pro\/wp-content\/uploads\/sites\/2\/2024\/03\/VOTRE-HEBERGEMENT-AVEC-QUIMPER-EVENEMENTS.pdf'  class='avia-button av-ltmunjft-6db42b614718f977e7ae9c85f2136e7d av-link-btn avia-icon_select-no avia-size-large avia-position-center avia-color-theme-color'  target=\"_blank\"  rel=\"noopener noreferrer\"  aria-label=\"Plus d\u2019infos sur Revolugo\"><span class='avia_iconbox_title' >Plus d\u2019infos sur Revolugo<\/span><\/a><\/div>\n<div  class='hr av-3pgcu9z-a746758630340f48cc94700938094c6c hr-default  avia-builder-el-4  el_after_av_button  el_before_av_codeblock '><span class='hr-inner '><span class=\"hr-inner-style\"><\/span><\/span><\/div>\n\n<div  class='hr av-3n3ki0n-3b9f30aae45c55af92cf53b92043473d hr-default  avia-builder-el-6  el_after_av_codeblock  el_before_av_textblock '><span class='hr-inner '><span class=\"hr-inner-style\"><\/span><\/span><\/div>\n<section  class='av_textblock_section av-ltmumq8h-3e4ef90516d4fd41f2060561aff30d00 '   itemscope=\"itemscope\" itemtype=\"https:\/\/schema.org\/CreativeWork\" ><div class='avia_textblock'  itemprop=\"text\" ><h3>Liste non exhaustive des principaux \u00e9tablissements h\u00f4teliers avec capacit\u00e9s.<\/h3>\n<\/div><\/section>\n<div class='avia-data-table-wrap av-1iddi1-ce2ba73389d10b78550f70de259e9ac7 avia_responsive_table avia-table-1'><table  class='avia-table avia-data-table avia_pricing_default  avia-builder-el-8  el_after_av_textblock  el_before_av_slideshow_accordion  avia-builder-el-last '  itemscope=\"itemscope\" itemtype=\"https:\/\/schema.org\/Table\" ><tbody><tr class='avia-heading-row'><th class='avia-highlight-col'>H\u00f4tels<\/th><th class=''>Cat\u00e9gorie<\/th><th class=''>Nombre de chambres<\/th><th class=''>Distance h\u00f4tel > Parc des Expo<\/th><th class=''>Distance h\u00f4tel > Centre des Congr\u00e8s<\/th><\/tr><tr class=''><td class='avia-highlight-col'>KYRIAD HOTEL<\/td><td class=''>Non class\u00e9<\/td><td class=''>43<\/td><td class=''>5 Km<\/td><td class=''>4 Km<\/td><\/tr><tr class=''><td class='avia-highlight-col'>HOTEL DE LA GARE<\/td><td class=''>\u2605\u2605<\/td><td class=''>26<\/td><td class=''>3 Km<\/td><td class=''>2 Km<\/td><\/tr><tr class=''><td class='avia-highlight-col'>APPART HOTEL QUIMPER<\/td><td class=''>\u2605\u2605\u2605<\/td><td class=''>95<\/td><td class=''>2 Km<\/td><td class=''>450m<\/td><\/tr><tr class=''><td class='avia-highlight-col'>BRIT HOTEL LE KERODET<\/td><td class=''>\u2605\u2605\u2605<\/td><td class=''>53<\/td><td class=''>6 Km<\/td><td class=''>6 Km<\/td><\/tr><tr class=''><td class='avia-highlight-col'>CAMPANILE<\/td><td class=''>\u2605\u2605\u2605<\/td><td class=''>48<\/td><td class=''>4 Km<\/td><td class=''>5 Km<\/td><\/tr><tr class=''><td class='avia-highlight-col'>ESCALE OCEANIA<\/td><td class=''>\u2605\u2605\u2605<\/td><td class=''>64<\/td><td class=''>3 Km<\/td><td class=''>800 m<\/td><\/tr><tr class=''><td class='avia-highlight-col'>GRADLON<\/td><td class=''>\u2605\u2605\u2605<\/td><td class=''>20<\/td><td class=''>2 Km<\/td><td class=''>800 m<\/td><\/tr><tr class=''><td class='avia-highlight-col'>IBIS QUIMPER NORD<\/td><td class=''>\u2605\u2605\u2605<\/td><td class=''>70<\/td><td class=''>3 Km<\/td><td class=''>3 Km<\/td><\/tr><tr class=''><td class='avia-highlight-col'>IBIS STYLE QUIMPER<\/td><td class=''>\u2605\u2605\u2605<\/td><td class=''>41<\/td><td class=''>5 Km<\/td><td class=''>4 Km<\/td><\/tr><tr class=''><td class='avia-highlight-col'>MERCURE QUIMPER CENTRE<\/td><td class=''>\u2605\u2605\u2605\u2605<\/td><td class=''>83<\/td><td class=''>3 Km<\/td><td class=''>2 Km<\/td><\/tr><tr class=''><td class='avia-highlight-col'>BEST WESTERN KREGENN<\/td><td class=''>\u2605\u2605\u2605\u2605<\/td><td class=''>32<\/td><td class=''>3 Km<\/td><td class=''>800 m<\/td><\/tr><tr class=''><td class='avia-highlight-col'>HOTEL OCEANIA QUIMPER<\/td><td class=''>\u2605\u2605\u2605\u2605<\/td><td class=''>92<\/td><td class=''>5 Km<\/td><td class=''>4 Km<\/td><\/tr><\/tbody><\/table><\/div><style type='text\/css'>.avia-table-1 td:nth-of-type(1):before { content: 'H\u00f4tels'; } .avia-table-1 td:nth-of-type(2):before { content: 'Cat\u00e9gorie'; } .avia-table-1 td:nth-of-type(3):before { content: 'Nombre de chambres'; } .avia-table-1 td:nth-of-type(4):before { content: 'Distance h\u00f4tel > Parc des Expo'; } .avia-table-1 td:nth-of-type(5):before { content: 'Distance h\u00f4tel > Centre des Congr\u00e8s'; } <\/style>\n\n<style type=\"text\/css\" data-created_by=\"avia_inline_auto\" id=\"style-css-av-k8oe5of4-b15f94d457fbb2be922f65561eca5152\">\n.avia-accordion.av-k8oe5of4-b15f94d457fbb2be922f65561eca5152{\nmax-height:430px;\n}\n.avia-accordion.av-k8oe5of4-b15f94d457fbb2be922f65561eca5152 .aviaccordion-preview{\nwidth:17.1%;\n}\n.avia-accordion .aviaccordion-slide.av-k8oe5of4-b15f94d457fbb2be922f65561eca5152__0{\nleft:0%;\n}\n.avia-accordion .aviaccordion-slide.av-k8oe5of4-b15f94d457fbb2be922f65561eca5152__1{\nleft:16.666666666667%;\n}\n.avia-accordion .aviaccordion-slide.av-k8oe5of4-b15f94d457fbb2be922f65561eca5152__2{\nleft:33.333333333333%;\n}\n.avia-accordion .aviaccordion-slide.av-k8oe5of4-b15f94d457fbb2be922f65561eca5152__3{\nleft:50%;\n}\n.avia-accordion .aviaccordion-slide.av-k8oe5of4-b15f94d457fbb2be922f65561eca5152__4{\nleft:66.666666666667%;\n}\n.avia-accordion .aviaccordion-slide.av-k8oe5of4-b15f94d457fbb2be922f65561eca5152__5{\nleft:83.333333333333%;\n}\n<\/style>\n<div  id=\"accordion_slider_1\"  class='aviaccordion avia-accordion av-k8oe5of4-b15f94d457fbb2be922f65561eca5152 aviaccordion-title-active av-slideshow-manual av-loop-once ' data-slideshow-options=\"{&quot;interval&quot;:5,&quot;autoplay&quot;:false,&quot;loop_autoplay&quot;:&quot;once&quot;}\"  itemscope=\"itemscope\" itemtype=\"https:\/\/schema.org\/Blog\" ><ul class=\"aviaccordion-inner\"><li class='aviaccordion-slide av-k8oe5of4-b15f94d457fbb2be922f65561eca5152__0 aviaccordion-slide-1' data-av-left='0'  itemscope=\"itemscope\" itemtype=\"https:\/\/schema.org\/CreativeWork\" ><a class='aviaccordion-slide-link noHover' href=\"https:\/\/quimper-evenements.fr\/public\/wp-content\/uploads\/sites\/3\/2024\/03\/hotel-best-western.jpg\" data-srcset=\"https:\/\/quimper-evenements.fr\/public\/wp-content\/uploads\/sites\/3\/2024\/03\/hotel-best-western.jpg 1030w, https:\/\/quimper-evenements.fr\/public\/wp-content\/uploads\/sites\/3\/2024\/03\/hotel-best-western-300x197.jpg 300w, https:\/\/quimper-evenements.fr\/public\/wp-content\/uploads\/sites\/3\/2024\/03\/hotel-best-western-768x504.jpg 768w, https:\/\/quimper-evenements.fr\/public\/wp-content\/uploads\/sites\/3\/2024\/03\/hotel-best-western-705x463.jpg 705w\" data-sizes=\"(max-width: 1030px) 100vw, 1030px\"  title=\"hotel best western\" ><div class='aviaccordion-preview '><div class=\"aviaccordion-preview-title-pos\"><div class=\"aviaccordion-preview-title-wrap\"><div class=\"aviaccordion-preview-title\"><h3 class='aviaccordion-title '  itemprop=\"headline\" >H\u00f4tel Best Western<\/h3><\/div><\/div><\/div><\/div><img loading=\"lazy\" decoding=\"async\" width=\"1030\" height=\"430\" src=\"https:\/\/quimper-evenements.fr\/public\/wp-content\/uploads\/sites\/3\/2024\/03\/hotel-best-western-1030x430.jpg\" class=\"aviaccordion-image\" alt=\"\" \/><\/a><\/li><li class='aviaccordion-slide av-k8oe5of4-b15f94d457fbb2be922f65561eca5152__1 aviaccordion-slide-2' data-av-left='16.666666666667'  itemscope=\"itemscope\" itemtype=\"https:\/\/schema.org\/CreativeWork\" ><a class='aviaccordion-slide-link noHover' href=\"https:\/\/quimper-evenements.fr\/public\/wp-content\/uploads\/sites\/3\/2024\/03\/appart-hotel.png\" data-srcset=\"https:\/\/quimper-evenements.fr\/public\/wp-content\/uploads\/sites\/3\/2024\/03\/appart-hotel.png 902w, https:\/\/quimper-evenements.fr\/public\/wp-content\/uploads\/sites\/3\/2024\/03\/appart-hotel-300x168.png 300w, https:\/\/quimper-evenements.fr\/public\/wp-content\/uploads\/sites\/3\/2024\/03\/appart-hotel-768x429.png 768w, https:\/\/quimper-evenements.fr\/public\/wp-content\/uploads\/sites\/3\/2024\/03\/appart-hotel-705x394.png 705w\" data-sizes=\"(max-width: 902px) 100vw, 902px\"  title=\"appart hotel\" ><div class='aviaccordion-preview '><div class=\"aviaccordion-preview-title-pos\"><div class=\"aviaccordion-preview-title-wrap\"><div class=\"aviaccordion-preview-title\"><h3 class='aviaccordion-title '  itemprop=\"headline\" >Appart H\u00f4tel<\/h3><\/div><\/div><\/div><\/div><img loading=\"lazy\" decoding=\"async\" width=\"902\" height=\"430\" src=\"https:\/\/quimper-evenements.fr\/public\/wp-content\/uploads\/sites\/3\/2024\/03\/appart-hotel-902x430.png\" class=\"aviaccordion-image\" alt=\"\" \/><\/a><\/li><li class='aviaccordion-slide av-k8oe5of4-b15f94d457fbb2be922f65561eca5152__2 aviaccordion-slide-3' data-av-left='33.333333333333'  itemscope=\"itemscope\" itemtype=\"https:\/\/schema.org\/CreativeWork\" ><a class='aviaccordion-slide-link noHover' href=\"https:\/\/quimper-evenements.fr\/public\/wp-content\/uploads\/sites\/3\/2024\/03\/brit-hotel.jpg\" data-srcset=\"https:\/\/quimper-evenements.fr\/public\/wp-content\/uploads\/sites\/3\/2024\/03\/brit-hotel.jpg 755w, https:\/\/quimper-evenements.fr\/public\/wp-content\/uploads\/sites\/3\/2024\/03\/brit-hotel-300x199.jpg 300w, https:\/\/quimper-evenements.fr\/public\/wp-content\/uploads\/sites\/3\/2024\/03\/brit-hotel-705x467.jpg 705w\" data-sizes=\"(max-width: 755px) 100vw, 755px\"  title=\"brit hotel\" ><div class='aviaccordion-preview '><div class=\"aviaccordion-preview-title-pos\"><div class=\"aviaccordion-preview-title-wrap\"><div class=\"aviaccordion-preview-title\"><h3 class='aviaccordion-title '  itemprop=\"headline\" >Brit H\u00f4tel<\/h3><\/div><\/div><\/div><\/div><img loading=\"lazy\" decoding=\"async\" width=\"755\" height=\"430\" src=\"https:\/\/quimper-evenements.fr\/public\/wp-content\/uploads\/sites\/3\/2024\/03\/brit-hotel-755x430.jpg\" class=\"aviaccordion-image\" alt=\"\" \/><\/a><\/li><li class='aviaccordion-slide av-k8oe5of4-b15f94d457fbb2be922f65561eca5152__3 aviaccordion-slide-4' data-av-left='50'  itemscope=\"itemscope\" itemtype=\"https:\/\/schema.org\/CreativeWork\" ><a class='aviaccordion-slide-link noHover' href=\"https:\/\/quimper-evenements.fr\/public\/wp-content\/uploads\/sites\/3\/2024\/03\/escale-oceania.jpg\" data-srcset=\"https:\/\/quimper-evenements.fr\/public\/wp-content\/uploads\/sites\/3\/2024\/03\/escale-oceania.jpg 1030w, https:\/\/quimper-evenements.fr\/public\/wp-content\/uploads\/sites\/3\/2024\/03\/escale-oceania-300x120.jpg 300w, https:\/\/quimper-evenements.fr\/public\/wp-content\/uploads\/sites\/3\/2024\/03\/escale-oceania-768x307.jpg 768w, https:\/\/quimper-evenements.fr\/public\/wp-content\/uploads\/sites\/3\/2024\/03\/escale-oceania-705x282.jpg 705w\" data-sizes=\"(max-width: 1030px) 100vw, 1030px\"  title=\"escale oceania\" ><div class='aviaccordion-preview '><div class=\"aviaccordion-preview-title-pos\"><div class=\"aviaccordion-preview-title-wrap\"><div class=\"aviaccordion-preview-title\"><h3 class='aviaccordion-title '  itemprop=\"headline\" >Escale Oc\u00e9ania<\/h3><\/div><\/div><\/div><\/div><img loading=\"lazy\" decoding=\"async\" width=\"1030\" height=\"412\" src=\"https:\/\/quimper-evenements.fr\/public\/wp-content\/uploads\/sites\/3\/2024\/03\/escale-oceania.jpg\" class=\"aviaccordion-image\" alt=\"\" srcset=\"https:\/\/quimper-evenements.fr\/public\/wp-content\/uploads\/sites\/3\/2024\/03\/escale-oceania.jpg 1030w, https:\/\/quimper-evenements.fr\/public\/wp-content\/uploads\/sites\/3\/2024\/03\/escale-oceania-300x120.jpg 300w, https:\/\/quimper-evenements.fr\/public\/wp-content\/uploads\/sites\/3\/2024\/03\/escale-oceania-768x307.jpg 768w, https:\/\/quimper-evenements.fr\/public\/wp-content\/uploads\/sites\/3\/2024\/03\/escale-oceania-705x282.jpg 705w\" sizes=\"auto, (max-width: 1030px) 100vw, 1030px\" \/><\/a><\/li><li class='aviaccordion-slide av-k8oe5of4-b15f94d457fbb2be922f65561eca5152__4 aviaccordion-slide-5' data-av-left='66.666666666667'  itemscope=\"itemscope\" itemtype=\"https:\/\/schema.org\/CreativeWork\" ><a class='aviaccordion-slide-link noHover' href=\"https:\/\/quimper-evenements.fr\/public\/wp-content\/uploads\/sites\/3\/2024\/03\/kyriad-hotel.jpg\" data-srcset=\"https:\/\/quimper-evenements.fr\/public\/wp-content\/uploads\/sites\/3\/2024\/03\/kyriad-hotel.jpg 1030w, https:\/\/quimper-evenements.fr\/public\/wp-content\/uploads\/sites\/3\/2024\/03\/kyriad-hotel-300x169.jpg 300w, https:\/\/quimper-evenements.fr\/public\/wp-content\/uploads\/sites\/3\/2024\/03\/kyriad-hotel-768x432.jpg 768w, https:\/\/quimper-evenements.fr\/public\/wp-content\/uploads\/sites\/3\/2024\/03\/kyriad-hotel-705x397.jpg 705w\" data-sizes=\"(max-width: 1030px) 100vw, 1030px\"  title=\"kyriad hotel\" ><div class='aviaccordion-preview '><div class=\"aviaccordion-preview-title-pos\"><div class=\"aviaccordion-preview-title-wrap\"><div class=\"aviaccordion-preview-title\"><h3 class='aviaccordion-title '  itemprop=\"headline\" >Kyriad H\u00f4tel<\/h3><\/div><\/div><\/div><\/div><img loading=\"lazy\" decoding=\"async\" width=\"1030\" height=\"430\" src=\"https:\/\/quimper-evenements.fr\/public\/wp-content\/uploads\/sites\/3\/2024\/03\/kyriad-hotel-1030x430.jpg\" class=\"aviaccordion-image\" alt=\"\" \/><\/a><\/li><li class='aviaccordion-slide av-k8oe5of4-b15f94d457fbb2be922f65561eca5152__5 aviaccordion-slide-6' data-av-left='83.333333333333'  itemscope=\"itemscope\" itemtype=\"https:\/\/schema.org\/CreativeWork\" ><a class='aviaccordion-slide-link noHover' href=\"https:\/\/quimper-evenements.fr\/public\/wp-content\/uploads\/sites\/3\/2024\/03\/oceania.jpg\" data-srcset=\"https:\/\/quimper-evenements.fr\/public\/wp-content\/uploads\/sites\/3\/2024\/03\/oceania.jpg 1030w, https:\/\/quimper-evenements.fr\/public\/wp-content\/uploads\/sites\/3\/2024\/03\/oceania-300x200.jpg 300w, https:\/\/quimper-evenements.fr\/public\/wp-content\/uploads\/sites\/3\/2024\/03\/oceania-768x512.jpg 768w, https:\/\/quimper-evenements.fr\/public\/wp-content\/uploads\/sites\/3\/2024\/03\/oceania-705x470.jpg 705w\" data-sizes=\"(max-width: 1030px) 100vw, 1030px\"  title=\"oceania\" ><div class='aviaccordion-preview '><div class=\"aviaccordion-preview-title-pos\"><div class=\"aviaccordion-preview-title-wrap\"><div class=\"aviaccordion-preview-title\"><h3 class='aviaccordion-title '  itemprop=\"headline\" >H\u00f4tel Oc\u00e9ania<\/h3><\/div><\/div><\/div><\/div><img loading=\"lazy\" decoding=\"async\" width=\"1030\" height=\"430\" src=\"https:\/\/quimper-evenements.fr\/public\/wp-content\/uploads\/sites\/3\/2024\/03\/oceania-1030x430.jpg\" class=\"aviaccordion-image\" alt=\"\" \/><\/a><\/li><\/ul><div class='aviaccordion-spacer' style='padding-bottom:28.666666666667%'><\/div><\/div>\n<div id='av_section_2'  class='avia-section av-jzlcoc2h-2af43579af1776a479683c35b995611a socket_color avia-section-small avia-no-border-styling  avia-builder-el-10  el_after_av_slideshow_accordion  avia-builder-el-last  avia-bg-style-scroll container_wrap fullsize'  ><div class='container av-section-cont-open' ><div class='template-page content  av-content-full alpha units'><div class='post-entry post-entry-type-page post-entry-4375'><div class='entry-content-wrapper clearfix'>\n<div class='flex_column_table av-2gwvr-88c5aa03981501940e3b90a370b75966 sc-av_one_fourth av-equal-height-column-flextable'>\n<style type=\"text\/css\" data-created_by=\"avia_inline_auto\" id=\"style-css-av-2gwvr-88c5aa03981501940e3b90a370b75966\">\n.flex_column.av-2gwvr-88c5aa03981501940e3b90a370b75966{\nborder-radius:0px 0px 0px 0px;\npadding:0px 0px 0px 0px;\n}\n<\/style>\n<div  class='flex_column av-2gwvr-88c5aa03981501940e3b90a370b75966 av_one_fourth  avia-builder-el-11  el_before_av_one_half  avia-builder-el-first  first no_margin flex_column_table_cell av-equal-height-column av-align-middle av-zero-column-padding  '     ><style type=\"text\/css\" data-created_by=\"avia_inline_auto\" id=\"style-css-av-oqi1-fc69153190a1b1d33a02f2be407c8ad5\">\n#top .av-special-heading.av-oqi1-fc69153190a1b1d33a02f2be407c8ad5{\npadding-bottom:0;\nfont-size:20px;\n}\nbody .av-special-heading.av-oqi1-fc69153190a1b1d33a02f2be407c8ad5 .av-special-heading-tag .heading-char{\nfont-size:25px;\n}\n#top #wrap_all .av-special-heading.av-oqi1-fc69153190a1b1d33a02f2be407c8ad5 .av-special-heading-tag{\nfont-size:20px;\n}\n.av-special-heading.av-oqi1-fc69153190a1b1d33a02f2be407c8ad5 .av-subheading{\nfont-size:15px;\n}\n\n@media only screen and (min-width: 480px) and (max-width: 767px){ \n#top #wrap_all .av-special-heading.av-oqi1-fc69153190a1b1d33a02f2be407c8ad5 .av-special-heading-tag{\nfont-size:0.8em;\n}\n}\n\n@media only screen and (max-width: 479px){ \n#top #wrap_all .av-special-heading.av-oqi1-fc69153190a1b1d33a02f2be407c8ad5 .av-special-heading-tag{\nfont-size:0.8em;\n}\n}\n<\/style>\n<div  class='av-special-heading av-oqi1-fc69153190a1b1d33a02f2be407c8ad5 av-special-heading-h2 blockquote modern-quote modern-centered  avia-builder-el-12  avia-builder-el-no-sibling  av-inherit-size av-linked-heading'><h2 class='av-special-heading-tag '  itemprop=\"headline\"  >Newsletter Agenda<\/h2><div class='av-subheading av-subheading_below'><p>Restez inform\u00e9s, abonnez-vous.<\/p>\n<\/div><div class=\"special-heading-border\"><div class=\"special-heading-inner-border\"><\/div><\/div><\/div><\/div>\n<style type=\"text\/css\" data-created_by=\"avia_inline_auto\" id=\"style-css-av-snr-fbb2f026117a22211dece3f883709b91\">\n.flex_column.av-snr-fbb2f026117a22211dece3f883709b91{\nborder-width:40px;\nborder-style:solid;\nborder-radius:0px 0px 0px 0px;\npadding:0px 0px 0px 0px;\n}\n<\/style>\n<div  class='flex_column av-snr-fbb2f026117a22211dece3f883709b91 av_one_half  avia-builder-el-13  el_after_av_one_fourth  el_before_av_one_fourth  no_margin flex_column_table_cell av-equal-height-column av-align-middle av-zero-column-padding  '     ><\/div>\n<style type=\"text\/css\" data-created_by=\"avia_inline_auto\" id=\"style-css-av-yfyv-3bc2ce212784ab04f9fa4029aa315f3e\">\n.flex_column.av-yfyv-3bc2ce212784ab04f9fa4029aa315f3e{\nborder-radius:0px 0px 0px 0px;\npadding:0px 0px 0px 0px;\n}\n<\/style>\n<div  class='flex_column av-yfyv-3bc2ce212784ab04f9fa4029aa315f3e av_one_fourth  avia-builder-el-15  el_after_av_one_half  el_before_av_codeblock  no_margin flex_column_table_cell av-equal-height-column av-align-middle av-zero-column-padding  '     ><style type=\"text\/css\" data-created_by=\"avia_inline_auto\" id=\"style-css-av-k2ep82sz-0b71c17130348b49648e165904603f45\">\n#top .av_textblock_section.av-k2ep82sz-0b71c17130348b49648e165904603f45 .avia_textblock{\nfont-size:12px;\n}\n<\/style>\n<section  class='av_textblock_section av-k2ep82sz-0b71c17130348b49648e165904603f45 '   itemscope=\"itemscope\" itemtype=\"https:\/\/schema.org\/CreativeWork\" ><div class='avia_textblock'  itemprop=\"text\" ><p>En cliquant sur \u00ab\u00a0S&rsquo;abonner\u00a0\u00bb, j\u2019accepte de recevoir cette newsletter et je comprends que je peux me d\u00e9sabonner facilement \u00e0 tout moment.<\/p>\n<\/div><\/section><\/div><\/div><!--close column table wrapper. Autoclose: 1 -->\n\n","protected":false},"excerpt":{"rendered":"","protected":false},"author":5,"featured_media":0,"parent":0,"menu_order":0,"comment_status":"closed","ping_status":"closed","template":"","meta":{"footnotes":""},"class_list":["post-4375","page","type-page","status-publish","hentry"],"_links":{"self":[{"href":"https:\/\/quimper-evenements.fr\/public\/wp-json\/wp\/v2\/pages\/4375","targetHints":{"allow":["GET"]}}],"collection":[{"href":"https:\/\/quimper-evenements.fr\/public\/wp-json\/wp\/v2\/pages"}],"about":[{"href":"https:\/\/quimper-evenements.fr\/public\/wp-json\/wp\/v2\/types\/page"}],"author":[{"embeddable":true,"href":"https:\/\/quimper-evenements.fr\/public\/wp-json\/wp\/v2\/users\/5"}],"replies":[{"embeddable":true,"href":"https:\/\/quimper-evenements.fr\/public\/wp-json\/wp\/v2\/comments?post=4375"}],"version-history":[{"count":5,"href":"https:\/\/quimper-evenements.fr\/public\/wp-json\/wp\/v2\/pages\/4375\/revisions"}],"predecessor-version":[{"id":4388,"href":"https:\/\/quimper-evenements.fr\/public\/wp-json\/wp\/v2\/pages\/4375\/revisions\/4388"}],"wp:attachment":[{"href":"https:\/\/quimper-evenements.fr\/public\/wp-json\/wp\/v2\/media?parent=4375"}],"curies":[{"name":"wp","href":"https:\/\/api.w.org\/{rel}","templated":true}]}}