{"id":5017,"date":"2025-05-28T16:41:25","date_gmt":"2025-05-28T14:41:25","guid":{"rendered":"https:\/\/quimper-evenements.fr\/public\/?page_id=5017"},"modified":"2025-09-08T12:25:32","modified_gmt":"2025-09-08T10:25:32","slug":"agenda-navori","status":"publish","type":"page","link":"https:\/\/quimper-evenements.fr\/public\/agenda-navori\/","title":{"rendered":"L&rsquo;agenda des \u00e9v\u00e9nements &#8211; D\u00e9filement auto"},"content":{"rendered":"\n<style type=\"text\/css\" data-created_by=\"avia_inline_auto\" id=\"style-css-av-k03rw2nv-1b0bd15c87af6e11689f4c64594fb001\">\n.avia-section.av-k03rw2nv-1b0bd15c87af6e11689f4c64594fb001{\nbackground-repeat:no-repeat;\nbackground-image:url(https:\/\/quimper-evenements.fr\/public\/wp-content\/uploads\/sites\/3\/2020\/02\/AGENDA-1.png);\nbackground-position:50% 50%;\nbackground-attachment:scroll;\n}\n<\/style>\n<div id='av_section_1'  class='avia-section av-k03rw2nv-1b0bd15c87af6e11689f4c64594fb001 main_color avia-section-default avia-no-border-styling  avia-builder-el-0  el_before_av_section  avia-builder-el-first  avia-bg-style-scroll av-minimum-height av-minimum-height-custom av-height-custom  container_wrap fullsize'  data-section-bg-repeat='no-repeat' data-av_minimum_height_px='247'><div class='container av-section-cont-open' style='height:247px'><main  role=\"main\" itemprop=\"mainContentOfPage\"  class='template-page content  av-content-full alpha units'><div class='post-entry post-entry-type-page post-entry-5017'><div class='entry-content-wrapper clearfix'>\n<\/div><\/div><\/main><!-- close content main element --><\/div><\/div><div id='av_section_2'  class='avia-section av-jzo3w9jm-e9f67201985da075bba250b4040a5f8a alternate_color avia-section-default avia-no-border-styling  avia-builder-el-1  el_after_av_section  el_before_av_section  avia-bg-style-scroll container_wrap fullsize'  ><div class='container av-section-cont-open' ><div class='template-page content  av-content-full alpha units'><div class='post-entry post-entry-type-page post-entry-5017'><div class='entry-content-wrapper clearfix'>\n\n<\/div><\/div><\/div><!-- close content main div --><\/div><\/div><div id='av_section_3'  class='avia-section av-jzmnsxik-55d75eb6885c1adf1b30835e12f91269 footer_color avia-section-small avia-no-border-styling  avia-builder-el-3  el_after_av_section  avia-builder-el-last  avia-bg-style-scroll container_wrap fullsize'  ><div class='container av-section-cont-open' ><div class='template-page content  av-content-full alpha units'><div class='post-entry post-entry-type-page post-entry-5017'><div class='entry-content-wrapper clearfix'>\n<div class='flex_column_table av-2mbbh-617691a9ce78e4ed0331021acee81ffe sc-av_one_fourth av-equal-height-column-flextable'>\n<style type=\"text\/css\" data-created_by=\"avia_inline_auto\" id=\"style-css-av-2mbbh-617691a9ce78e4ed0331021acee81ffe\">\n.flex_column.av-2mbbh-617691a9ce78e4ed0331021acee81ffe{\nborder-radius:0px 0px 0px 0px;\npadding:0 0 0 0;\n}\n<\/style>\n<div  class='flex_column av-2mbbh-617691a9ce78e4ed0331021acee81ffe av_one_fourth  avia-builder-el-4  el_before_av_one_half  avia-builder-el-first  first no_margin flex_column_table_cell av-equal-height-column av-align-middle av-zero-column-padding  '     ><style type=\"text\/css\" data-created_by=\"avia_inline_auto\" id=\"style-css-av-azk4m-e1d29bc14ad662ce374b522b4e5eed76\">\n#top .av-special-heading.av-azk4m-e1d29bc14ad662ce374b522b4e5eed76{\nmargin:0 0 0 0;\npadding-bottom:0;\nfont-size:20px;\n}\nbody .av-special-heading.av-azk4m-e1d29bc14ad662ce374b522b4e5eed76 .av-special-heading-tag .heading-char{\nfont-size:25px;\n}\n#top #wrap_all .av-special-heading.av-azk4m-e1d29bc14ad662ce374b522b4e5eed76 .av-special-heading-tag{\nfont-size:20px;\n}\n.av-special-heading.av-azk4m-e1d29bc14ad662ce374b522b4e5eed76 .av-subheading{\nfont-size:15px;\n}\n\n@media only screen and (min-width: 768px) and (max-width: 989px){ \n#top #wrap_all .av-special-heading.av-azk4m-e1d29bc14ad662ce374b522b4e5eed76 .av-special-heading-tag{\nfont-size:15px;\n}\n.av-special-heading.av-azk4m-e1d29bc14ad662ce374b522b4e5eed76 .av-subheading{\nfont-size:12px;\n}\n}\n\n@media only screen and (min-width: 480px) and (max-width: 767px){ \n#top #wrap_all .av-special-heading.av-azk4m-e1d29bc14ad662ce374b522b4e5eed76 .av-special-heading-tag{\nfont-size:0.8em;\n}\n}\n\n@media only screen and (max-width: 479px){ \n#top #wrap_all .av-special-heading.av-azk4m-e1d29bc14ad662ce374b522b4e5eed76 .av-special-heading-tag{\nfont-size:0.8em;\n}\n}\n<\/style>\n<div  class='av-special-heading av-azk4m-e1d29bc14ad662ce374b522b4e5eed76 av-special-heading-h2 blockquote modern-quote modern-centered  avia-builder-el-5  avia-builder-el-no-sibling  av-inherit-size'><h2 class='av-special-heading-tag '  itemprop=\"headline\"  >Newsletter <\/h2><div class='av-subheading av-subheading_below'><p>Restez inform\u00e9s, abonnez-vous.<\/p>\n<\/div><div class=\"special-heading-border\"><div class=\"special-heading-inner-border\"><\/div><\/div><\/div><\/div>\n<style type=\"text\/css\" data-created_by=\"avia_inline_auto\" id=\"style-css-av-21p6t-2ce5b72b7189d43cab6cdfc851fa8060\">\n.flex_column.av-21p6t-2ce5b72b7189d43cab6cdfc851fa8060{\nborder-width:40px;\nborder-style:solid;\nborder-radius:0px 0px 0px 0px;\npadding:0px 0px 0px 0px;\n}\n<\/style>\n<div  class='flex_column av-21p6t-2ce5b72b7189d43cab6cdfc851fa8060 av_one_half  avia-builder-el-6  el_after_av_one_fourth  el_before_av_one_fourth  no_margin flex_column_table_cell av-equal-height-column av-align-middle av-zero-column-padding  '     ><\/div>\n<style type=\"text\/css\" data-created_by=\"avia_inline_auto\" id=\"style-css-av-a7xj2-069f51d19cc96bd472a1b6ce84da44ce\">\n.flex_column.av-a7xj2-069f51d19cc96bd472a1b6ce84da44ce{\nborder-radius:0px 0px 0px 0px;\npadding:0px 0px 0px 0px;\n}\n<\/style>\n<div  class='flex_column av-a7xj2-069f51d19cc96bd472a1b6ce84da44ce av_one_fourth  avia-builder-el-8  el_after_av_one_half  el_before_av_codeblock  no_margin flex_column_table_cell av-equal-height-column av-align-middle av-zero-column-padding  '     ><style type=\"text\/css\" data-created_by=\"avia_inline_auto\" id=\"style-css-av-k2er8dfh-b0b89d0a5e4cf7bde4e525cf5716a6c2\">\n#top .av_textblock_section.av-k2er8dfh-b0b89d0a5e4cf7bde4e525cf5716a6c2 .avia_textblock{\nfont-size:12px;\n}\n\n@media only screen and (min-width: 768px) and (max-width: 989px){ \n#top .av_textblock_section.av-k2er8dfh-b0b89d0a5e4cf7bde4e525cf5716a6c2 .avia_textblock{\nfont-size:10px;\n}\n}\n<\/style>\n<section  class='av_textblock_section av-k2er8dfh-b0b89d0a5e4cf7bde4e525cf5716a6c2 '   itemscope=\"itemscope\" itemtype=\"https:\/\/schema.org\/CreativeWork\" ><div class='avia_textblock'  itemprop=\"text\" ><p>En cliquant sur \u00ab\u00a0S&rsquo;abonner\u00a0\u00bb, j\u2019accepte de recevoir cette newsletter et je comprends que je peux me d\u00e9sabonner facilement \u00e0 tout moment.<\/p>\n<\/div><\/section><\/div><\/div><!--close column table wrapper. Autoclose: 1 -->\n\n<\/p>\n","protected":false},"excerpt":{"rendered":"<p>Assistez \u00e0 de nombreux \u00e9v\u00e9nements \u00e0 Quimper : Concerts &#8211; Spectacles, salons grand public et professionnels , \u00e9v\u00e9nements d&rsquo;entreprises &#8230;<\/p>\n","protected":false},"author":5,"featured_media":0,"parent":0,"menu_order":0,"comment_status":"closed","ping_status":"closed","template":"","meta":{"footnotes":""},"class_list":["post-5017","page","type-page","status-publish","hentry"],"_links":{"self":[{"href":"https:\/\/quimper-evenements.fr\/public\/wp-json\/wp\/v2\/pages\/5017","targetHints":{"allow":["GET"]}}],"collection":[{"href":"https:\/\/quimper-evenements.fr\/public\/wp-json\/wp\/v2\/pages"}],"about":[{"href":"https:\/\/quimper-evenements.fr\/public\/wp-json\/wp\/v2\/types\/page"}],"author":[{"embeddable":true,"href":"https:\/\/quimper-evenements.fr\/public\/wp-json\/wp\/v2\/users\/5"}],"replies":[{"embeddable":true,"href":"https:\/\/quimper-evenements.fr\/public\/wp-json\/wp\/v2\/comments?post=5017"}],"version-history":[{"count":6,"href":"https:\/\/quimper-evenements.fr\/public\/wp-json\/wp\/v2\/pages\/5017\/revisions"}],"predecessor-version":[{"id":5048,"href":"https:\/\/quimper-evenements.fr\/public\/wp-json\/wp\/v2\/pages\/5017\/revisions\/5048"}],"wp:attachment":[{"href":"https:\/\/quimper-evenements.fr\/public\/wp-json\/wp\/v2\/media?parent=5017"}],"curies":[{"name":"wp","href":"https:\/\/api.w.org\/{rel}","templated":true}]}}