{"id":5043,"date":"2025-09-08T12:33:57","date_gmt":"2025-09-08T10:33:57","guid":{"rendered":"https:\/\/quimper-evenements.fr\/public\/?page_id=5043"},"modified":"2025-10-07T11:17:58","modified_gmt":"2025-10-07T09:17:58","slug":"agenda-defilement-auto","status":"publish","type":"page","link":"https:\/\/quimper-evenements.fr\/public\/agenda-defilement-auto\/","title":{"rendered":"AGENDA &#8211; DEFILEMENT AUTO"},"content":{"rendered":"<div  class='flex_column av-2kqdcz-af3183ac9378b1dacfc4480dedc04d97 av_one_full  avia-builder-el-0  el_before_av_textblock  avia-builder-el-first  first flex_column_div  '     ><\/div><section  class='av_textblock_section av-mggcelv0-28021789325f0be098b15c28b5e96bc7 '   itemscope=\"itemscope\" itemtype=\"https:\/\/schema.org\/CreativeWork\" ><div class='avia_textblock'  itemprop=\"text\" ><h2 style=\"text-align: center;\">Pour consulter les \u00e9v\u00e9nements \u00e0 venir,<\/h2>\n<h2 style=\"text-align: center;\">rendez-vous sur quimper-evenements.fr<\/h2>\n<h2 style=\"text-align: center;\"><img loading=\"lazy\" decoding=\"async\" class=\"wp-image-5068 size-medium aligncenter\" src=\"https:\/\/quimper-evenements.fr\/public\/wp-content\/uploads\/sites\/3\/2025\/10\/QR-Code-Agenda-300x300.jpg\" alt=\"\" width=\"300\" height=\"300\" srcset=\"https:\/\/quimper-evenements.fr\/public\/wp-content\/uploads\/sites\/3\/2025\/10\/QR-Code-Agenda-300x300.jpg 300w, https:\/\/quimper-evenements.fr\/public\/wp-content\/uploads\/sites\/3\/2025\/10\/QR-Code-Agenda-80x80.jpg 80w, https:\/\/quimper-evenements.fr\/public\/wp-content\/uploads\/sites\/3\/2025\/10\/QR-Code-Agenda-768x768.jpg 768w, https:\/\/quimper-evenements.fr\/public\/wp-content\/uploads\/sites\/3\/2025\/10\/QR-Code-Agenda-36x36.jpg 36w, https:\/\/quimper-evenements.fr\/public\/wp-content\/uploads\/sites\/3\/2025\/10\/QR-Code-Agenda-180x180.jpg 180w, https:\/\/quimper-evenements.fr\/public\/wp-content\/uploads\/sites\/3\/2025\/10\/QR-Code-Agenda-705x705.jpg 705w, https:\/\/quimper-evenements.fr\/public\/wp-content\/uploads\/sites\/3\/2025\/10\/QR-Code-Agenda.jpg 800w\" sizes=\"auto, (max-width: 300px) 100vw, 300px\" \/><\/h2>\n<\/div><\/section><\/p>\n","protected":false},"excerpt":{"rendered":"","protected":false},"author":5,"featured_media":0,"parent":0,"menu_order":0,"comment_status":"closed","ping_status":"closed","template":"template-blank.php","meta":{"footnotes":""},"class_list":["post-5043","page","type-page","status-publish","hentry"],"_links":{"self":[{"href":"https:\/\/quimper-evenements.fr\/public\/wp-json\/wp\/v2\/pages\/5043","targetHints":{"allow":["GET"]}}],"collection":[{"href":"https:\/\/quimper-evenements.fr\/public\/wp-json\/wp\/v2\/pages"}],"about":[{"href":"https:\/\/quimper-evenements.fr\/public\/wp-json\/wp\/v2\/types\/page"}],"author":[{"embeddable":true,"href":"https:\/\/quimper-evenements.fr\/public\/wp-json\/wp\/v2\/users\/5"}],"replies":[{"embeddable":true,"href":"https:\/\/quimper-evenements.fr\/public\/wp-json\/wp\/v2\/comments?post=5043"}],"version-history":[{"count":9,"href":"https:\/\/quimper-evenements.fr\/public\/wp-json\/wp\/v2\/pages\/5043\/revisions"}],"predecessor-version":[{"id":5069,"href":"https:\/\/quimper-evenements.fr\/public\/wp-json\/wp\/v2\/pages\/5043\/revisions\/5069"}],"wp:attachment":[{"href":"https:\/\/quimper-evenements.fr\/public\/wp-json\/wp\/v2\/media?parent=5043"}],"curies":[{"name":"wp","href":"https:\/\/api.w.org\/{rel}","templated":true}]}}