{"id":633,"date":"2019-09-03T13:52:10","date_gmt":"2019-09-03T11:52:10","guid":{"rendered":"http:\/\/quimper-evenements.lan\/public\/?page_id=633"},"modified":"2026-04-17T11:42:58","modified_gmt":"2026-04-17T09:42:58","slug":"destination-quimper","status":"publish","type":"page","link":"https:\/\/quimper-evenements.fr\/public\/destination-quimper\/","title":{"rendered":"Destination Quimper"},"content":{"rendered":"\n<style type=\"text\/css\" data-created_by=\"avia_inline_auto\" id=\"style-css-av-k03rw2nv-6cf1150450a70517955d4fcbd1d1fe0e\">\n.avia-section.av-k03rw2nv-6cf1150450a70517955d4fcbd1d1fe0e{\nbackground-repeat:no-repeat;\nbackground-image:url(https:\/\/quimper-evenements.fr\/public\/wp-content\/uploads\/sites\/3\/2019\/11\/quimper-4441047_1920-V2.jpg);\nbackground-position:50% 50%;\nbackground-attachment:scroll;\n}\n.avia-section.av-k03rw2nv-6cf1150450a70517955d4fcbd1d1fe0e .av-section-color-overlay{\nopacity:0.6;\nbackground-color:#666666;\n}\n<\/style>\n<div id='av_section_1'  class='avia-section av-k03rw2nv-6cf1150450a70517955d4fcbd1d1fe0e main_color avia-section-default avia-no-border-styling  avia-builder-el-0  el_before_av_layout_row  avia-builder-el-first  avia-bg-style-scroll av-section-color-overlay-active av-minimum-height av-minimum-height-custom av-height-custom  container_wrap fullsize'  data-section-bg-repeat='no-repeat' data-av_minimum_height_px='247'><div class=\"av-section-color-overlay-wrap\"><div class=\"av-section-color-overlay\"><\/div><div class='container av-section-cont-open' style='height:247px'><main  role=\"main\" itemprop=\"mainContentOfPage\"  class='template-page content  av-content-full alpha units'><div class='post-entry post-entry-type-page post-entry-633'><div class='entry-content-wrapper clearfix'>\n\n<style type=\"text\/css\" data-created_by=\"avia_inline_auto\" id=\"style-css-av-k03ryrq2-1d4d961a434d02c5eff4c40bd6545c04\">\n#top .av-special-heading.av-k03ryrq2-1d4d961a434d02c5eff4c40bd6545c04{\npadding-bottom:10px;\ncolor:#ffffff;\n}\nbody .av-special-heading.av-k03ryrq2-1d4d961a434d02c5eff4c40bd6545c04 .av-special-heading-tag .heading-char{\nfont-size:25px;\n}\n.av-special-heading.av-k03ryrq2-1d4d961a434d02c5eff4c40bd6545c04 .special-heading-inner-border{\nborder-color:#ffffff;\n}\n.av-special-heading.av-k03ryrq2-1d4d961a434d02c5eff4c40bd6545c04 .av-subheading{\nfont-size:25px;\n}\n<\/style>\n<div  class='av-special-heading av-k03ryrq2-1d4d961a434d02c5eff4c40bd6545c04 av-special-heading-h1 custom-color-heading blockquote modern-quote  avia-builder-el-1  avia-builder-el-no-sibling '><h1 class='av-special-heading-tag '  itemprop=\"headline\"  >Destination Quimper<\/h1><div class='av_custom_color av-subheading av-subheading_below'><p>Votre \u00e9v\u00e9nement en Bretagne Sud<\/p>\n<\/div><div class=\"special-heading-border\"><div class=\"special-heading-inner-border\"><\/div><\/div><\/div>\n\n<\/div><\/div><\/main><!-- close content main element --><\/div><\/div><\/div><div id='av-layout-grid-1'  class='av-layout-grid-container av-k03s4d7c-309c82a4693ff3ab4dba05d789809651 entry-content-wrapper alternate_color av-flex-cells  avia-builder-el-2  el_after_av_section  el_before_av_section  grid-row-not-first  container_wrap fullsize'  >\n<div class='flex_cell av-243zdl-693761407a002587fa98e487eedcd5a4 av-gridrow-cell av_one_half no_margin  avia-builder-el-3  el_before_av_cell_one_half  avia-builder-el-first '  ><div class='flex_cell_inner'><p>\n<style type=\"text\/css\" data-created_by=\"avia_inline_auto\" id=\"style-css-av-bi2cp-583d1d2fbfe4b730b1154d4956d69b97\">\n#top .av-special-heading.av-bi2cp-583d1d2fbfe4b730b1154d4956d69b97{\npadding-bottom:10px;\n}\nbody .av-special-heading.av-bi2cp-583d1d2fbfe4b730b1154d4956d69b97 .av-special-heading-tag .heading-char{\nfont-size:25px;\n}\n.av-special-heading.av-bi2cp-583d1d2fbfe4b730b1154d4956d69b97 .av-subheading{\nfont-size:15px;\n}\n<\/style>\n<div  class='av-special-heading av-bi2cp-583d1d2fbfe4b730b1154d4956d69b97 av-special-heading-h4 blockquote modern-quote  avia-builder-el-4  el_before_av_textblock  avia-builder-el-first '><h4 class='av-special-heading-tag '  itemprop=\"headline\"  >Quimper, capitale \u00e9conomique et touristique<\/h4><div class=\"special-heading-border\"><div class=\"special-heading-inner-border\"><\/div><\/div><\/div><br \/>\n<section  class='av_textblock_section av-k03scp7s-73992a2a324d37b74aa53c5ef80a9970 '   itemscope=\"itemscope\" itemtype=\"https:\/\/schema.org\/CreativeWork\" ><div class='avia_textblock'  itemprop=\"text\" ><p>Bienvenue \u00e0 Quimper\u00a0 !<\/p>\n<p>Au c\u0153ur d&rsquo;une <strong>Bretagne attractive<\/strong>, Quimper b\u00e9n\u00e9ficie d&rsquo;une <strong>position privil\u00e9gi\u00e9e\u00a0<\/strong><strong>\u00e0 proximit\u00e9 du littoral<\/strong>.\u00a0<strong>Zone \u00e9conomique de premier plan<\/strong>, l&rsquo;agglom\u00e9ration de Quimper (90.443 habitants) rayonne \u00e0 l&rsquo;\u00e9chelle de toute la Cornouaille avec un <strong>tissus \u00e9conomique vari\u00e9<\/strong> et disposant de nombreux atouts.\u00a0L&rsquo;arriv\u00e9e de la ligne \u00e0 grande vitesse contribuera au d\u00e9veloppement du territoire et des \u00e9changes \u00e9conomiques.\u00a0Entre <strong>tradition<\/strong> et <strong>modernit\u00e9<\/strong>, des c\u00e9l\u00e8bres fa\u00efences aux derni\u00e8res innovations technologiques, Quimper est <strong>une terre riche d&rsquo;entrepreneurs<\/strong> disposant de nombreux savoir-faire et comp\u00e9tences.<\/p>\n<p>Pour plus d&rsquo;informations sur le territoire, consultez les sites de <a href=\"http:\/\/www.quimper-bretagne-occidentale.bzh\/\" target=\"_blank\" rel=\"noopener\"><strong>Quimper Bretagne Occidentale<\/strong><\/a>, et de l&rsquo;<a href=\"http:\/\/www.quimper-tourisme.com\" target=\"_blank\" rel=\"noopener\"><strong>Office de Tourisme de Quimper Cornouaille<\/strong><\/a><\/p>\n<\/div><\/section><\/p>\n<\/div><\/div>\n<style type=\"text\/css\" data-created_by=\"avia_inline_auto\" id=\"style-css-av-1wviu1-68a7e6735bea74642db752aff2b3d793\">\n.flex_cell.av-1wviu1-68a7e6735bea74642db752aff2b3d793{\nvertical-align:middle;\n}\n.responsive #top #wrap_all .flex_cell.av-1wviu1-68a7e6735bea74642db752aff2b3d793{\npadding:30px 30px 30px 30px !important;\n}\n<\/style>\n<div class='flex_cell av-1wviu1-68a7e6735bea74642db752aff2b3d793 av-gridrow-cell av_one_half no_margin  avia-builder-el-6  el_after_av_cell_one_half  avia-builder-el-last  content-align-middle'  ><div class='flex_cell_inner'>\n<style type=\"text\/css\" data-created_by=\"avia_inline_auto\" id=\"style-css-av-k03s5liq-35122d11a5b5f187c07250cab8b9d0a4\">\n.avia-video.av-k03s5liq-35122d11a5b5f187c07250cab8b9d0a4{\npadding-bottom:63%;\n}\n<\/style>\n<div  class='avia-video av-k03s5liq-35122d11a5b5f187c07250cab8b9d0a4 avia-video-custom av-no-preview-image avia-video-load-always av-lazyload-immediate av-lazyload-video-embed'  itemprop=\"video\" itemtype=\"https:\/\/schema.org\/VideoObject\"  data-original_url='https:\/\/youtu.be\/zmOgPgglAHk?si=pkEjaTCWLknTw1FI'><script type='text\/html' class='av-video-tmpl'><div class='avia-iframe-wrap'><iframe loading=\"lazy\" title=\"D\u00e9couvrez Quimper Bretagne Occidentale\" width=\"1500\" height=\"844\" src=\"https:\/\/www.youtube.com\/embed\/zmOgPgglAHk?feature=oembed&autoplay=0&loop=0&controls=1&mute=0\" frameborder=\"0\" allow=\"accelerometer; autoplay; clipboard-write; encrypted-media; gyroscope; picture-in-picture; web-share\" referrerpolicy=\"strict-origin-when-cross-origin\" allowfullscreen><\/iframe><\/div><\/script><div class='av-click-to-play-overlay'><div class=\"avia_playpause_icon\"><\/div><\/div><\/div>\n<\/div><\/div><\/div><div id='av_section_2'  class='avia-section av-2loeh-1dd56cd6d56e26a9b3c6f6f380ca526e main_color avia-section-default avia-no-border-styling  avia-builder-el-8  el_after_av_layout_row  el_before_av_section  avia-bg-style-scroll container_wrap fullsize'  ><div class='container av-section-cont-open' ><div class='template-page content  av-content-full alpha units'><div class='post-entry post-entry-type-page post-entry-633'><div class='entry-content-wrapper clearfix'>\n<div class='flex_column_table av-k051fntd-4813d0be573c36f842f24af029f9747e sc-av_one_half av-equal-height-column-flextable'>\n<style type=\"text\/css\" data-created_by=\"avia_inline_auto\" id=\"style-css-av-k051fntd-4813d0be573c36f842f24af029f9747e\">\n.flex_column.av-k051fntd-4813d0be573c36f842f24af029f9747e{\nborder-radius:0px 0px 0px 0px;\npadding:0px 0px 0px 0px;\n}\n<\/style>\n<div  class='flex_column av-k051fntd-4813d0be573c36f842f24af029f9747e av_one_half  avia-builder-el-9  el_before_av_one_half  avia-builder-el-first  first flex_column_table_cell av-equal-height-column av-align-top av-zero-column-padding  '     ><p>\n<style type=\"text\/css\" data-created_by=\"avia_inline_auto\" id=\"style-css-av-jy541-9e865967f1a7ed1f173fa2db523f9e30\">\n#top .av-special-heading.av-jy541-9e865967f1a7ed1f173fa2db523f9e30{\npadding-bottom:10px;\n}\nbody .av-special-heading.av-jy541-9e865967f1a7ed1f173fa2db523f9e30 .av-special-heading-tag .heading-char{\nfont-size:25px;\n}\n.av-special-heading.av-jy541-9e865967f1a7ed1f173fa2db523f9e30 .av-subheading{\nfont-size:15px;\n}\n<\/style>\n<div  class='av-special-heading av-jy541-9e865967f1a7ed1f173fa2db523f9e30 av-special-heading-h3  avia-builder-el-10  el_before_av_hr  avia-builder-el-first  av-linked-heading'><h3 class='av-special-heading-tag '  itemprop=\"headline\"  >Infos pratiques<\/h3><div class=\"special-heading-border\"><div class=\"special-heading-inner-border\"><\/div><\/div><\/div><br \/>\n\n<style type=\"text\/css\" data-created_by=\"avia_inline_auto\" id=\"style-css-av-k03slwpj-b57b9ec60cb850d3b898e771659188cc\">\n#top .hr.hr-invisible.av-k03slwpj-b57b9ec60cb850d3b898e771659188cc{\nheight:30px;\n}\n<\/style>\n<div  class='hr av-k03slwpj-b57b9ec60cb850d3b898e771659188cc hr-invisible  avia-builder-el-11  el_after_av_heading  el_before_av_codeblock '><span class='hr-inner '><span class=\"hr-inner-style\"><\/span><\/span><\/div><br \/>\n<\/p><\/div><div class='av-flex-placeholder'><\/div>\n<style type=\"text\/css\" data-created_by=\"avia_inline_auto\" id=\"style-css-av-1d509-eab9609f287176a1ccbe7a32617124e7\">\n.flex_column.av-1d509-eab9609f287176a1ccbe7a32617124e7{\nborder-radius:0px 0px 0px 0px;\npadding:0px 0px 0px 0px;\n}\n<\/style>\n<div  class='flex_column av-1d509-eab9609f287176a1ccbe7a32617124e7 av_one_half  avia-builder-el-13  el_after_av_one_half  avia-builder-el-last  flex_column_table_cell av-equal-height-column av-align-top av-zero-column-padding  '     ><p>\n<style type=\"text\/css\" data-created_by=\"avia_inline_auto\" id=\"style-css-av-elovd-8704ab1378bb897a35c7f3fc5941b4e3\">\n#top .av-special-heading.av-elovd-8704ab1378bb897a35c7f3fc5941b4e3{\npadding-bottom:10px;\n}\nbody .av-special-heading.av-elovd-8704ab1378bb897a35c7f3fc5941b4e3 .av-special-heading-tag .heading-char{\nfont-size:25px;\n}\n.av-special-heading.av-elovd-8704ab1378bb897a35c7f3fc5941b4e3 .av-subheading{\nfont-size:15px;\n}\n<\/style>\n<div  class='av-special-heading av-elovd-8704ab1378bb897a35c7f3fc5941b4e3 av-special-heading-h3  avia-builder-el-14  el_before_av_tab_container  avia-builder-el-first  av-linked-heading'><h3 class='av-special-heading-tag '  itemprop=\"headline\"  >Venir \u00e0 Quimper<\/h3><div class=\"special-heading-border\"><div class=\"special-heading-inner-border\"><\/div><\/div><\/div><br \/>\n<div  class='tabcontainer av-mk1ih-a956d3fdf5c0a197010e1631d8360346 top_tab  avia-builder-el-15  el_after_av_heading  avia-builder-el-last '>\n<section class='av_tab_section av_tab_section av-ti7t-3371e176903d7720a54bc982e07b6de1'  itemscope=\"itemscope\" itemtype=\"https:\/\/schema.org\/CreativeWork\" ><div id='tab-id-1-tab' class='tab active_tab' role='tab' aria-selected=\"true\" tabindex=\"0\" data-fake-id='#tab-id-1' aria-controls='tab-id-1-content'  itemprop=\"headline\" >Par la route<\/div><div id='tab-id-1-content' class='tab_content active_tab_content' role='tabpanel' aria-labelledby='tab-id-1-tab' aria-hidden=\"false\"><div class='tab_inner_content invers-color'  itemprop=\"text\" ><p>Au c\u0153ur du r\u00e9seau autoroutier ouest :<br \/>\nQuimper \u2013 Brest : 45 mn<br \/>\nQuimper \u2013 Vannes : 1h30<br \/>\nQuimper \u2013 Rennes : 2h<br \/>\nQuimper \u2013 Nantes : 2h15<br \/>\nQuimper \u2013 Paris : 5h30<\/p>\n<p><strong>Taxi<\/strong><\/p>\n<ul>\n<li><a href=\"http:\/\/www.taxi-quimper.fr\">Radio Taxi Quimp\u00e9rois<\/a><br \/>\nT\u00e9l\u00e9phone : 02 98 90 21 21<\/li>\n<li><a href=\"http:\/\/www.allotaxiquimperois.com\/\">Allo Taxi Quimp\u00e9rois<\/a><br \/>\nT\u00e9l\u00e9phone : 02 98 90 20 20<\/li>\n<\/ul>\n<p><strong>Bus<\/strong><\/p>\n<ul>\n<li>Les transports urbains sont g\u00e9r\u00e9s par la <a href=\"http:\/\/www.qub.fr\">QUB.<\/a><\/li>\n<\/ul>\n<\/div><\/div><\/section>\n<section class='av_tab_section av_tab_section av-14nq5t-5b16e8bb921ccda72ebc67835ddc0a2c'  itemscope=\"itemscope\" itemtype=\"https:\/\/schema.org\/CreativeWork\" ><div id='tab-id-2-tab' class='tab' role='tab' aria-selected=\"false\" tabindex=\"0\" data-fake-id='#tab-id-2' aria-controls='tab-id-2-content'  itemprop=\"headline\" >En train<\/div><div id='tab-id-2-content' class='tab_content' role='tabpanel' aria-labelledby='tab-id-2-tab' aria-hidden=\"true\"><div class='tab_inner_content invers-color'  itemprop=\"text\" ><ul>\n<li>Gare SNCF, 1 place Louis Armand \u2013 29000 Quimper<br \/>\nSite internet : <a href=\"http:\/\/www.voyages-sncf.com\"><strong>www.voyages-sncf.com<\/strong><\/a><br \/>\nGare situ\u00e9e dans le centre-ville de Quimper<\/li>\n<li>6 aller-retour TGV directs quotidiens avec Paris . L&rsquo;arriv\u00e9e de la LGV met Quimper \u00e0 3h17 de Paris. Lignes directes vers Bordeaux et Lyon.<\/li>\n<\/ul>\n<\/div><\/div><\/section>\n<section class='av_tab_section av_tab_section av-9dkht-086044f1b426adacc335b2ae03489dd4'  itemscope=\"itemscope\" itemtype=\"https:\/\/schema.org\/CreativeWork\" ><div id='tab-id-3-tab' class='tab' role='tab' aria-selected=\"false\" tabindex=\"0\" data-fake-id='#tab-id-3' aria-controls='tab-id-3-content'  itemprop=\"headline\" >Stationnement<\/div><div id='tab-id-3-content' class='tab_content' role='tabpanel' aria-labelledby='tab-id-3-tab' aria-hidden=\"true\"><div class='tab_inner_content invers-color'  itemprop=\"text\" ><ul>\n<li>Pendant les \u00e9v\u00e8nements, le parc des expositions Quimper Cornouaille dispose de plusieurs parkings visiteurs (P1,P2,P3, Croix des Gardiens) \u00e0 proximit\u00e9 imm\u00e9diate.<\/li>\n<li>Plus de 1 500 places de parking \u00e0 proximit\u00e9 imm\u00e9diate du Centre des congr\u00e8s du Chapeau Rouge.<\/li>\n<li>Kostum Park &#8211; \u00c0 nous la vie : 400 places v\u00e9los, zone de stationnement r\u00e9serv\u00e9e aux deux-roues motoris\u00e9s, 604 places de parking gratuites, 16 places pour les personnes \u00e0 mobilit\u00e9 r\u00e9duite, 41 places de parking r\u00e9serv\u00e9es au personnel et aux sportifs\/artistes, plus de 1 500 places \u00e0 proximit\u00e9 directe pour les visiteurs<\/li>\n<\/ul>\n<\/div><\/div><\/section>\n<section class='av_tab_section av_tab_section av-75blt-5ffa7154814ea369099d0a98d0d55243'  itemscope=\"itemscope\" itemtype=\"https:\/\/schema.org\/CreativeWork\" ><div id='tab-id-4-tab' class='tab' role='tab' aria-selected=\"false\" tabindex=\"0\" data-fake-id='#tab-id-4' aria-controls='tab-id-4-content'  itemprop=\"headline\" >H\u00e9bergement<\/div><div id='tab-id-4-content' class='tab_content' role='tabpanel' aria-labelledby='tab-id-4-tab' aria-hidden=\"true\"><div class='tab_inner_content invers-color'  itemprop=\"text\" ><p>Dans le cadre de l\u2019organisation de votre venue \u00e0 Quimper, vous recherchez un ou plusieurs h\u00e9bergements ?<br \/>\n<a href=\"https:\/\/quimper-evenements.fr\/public\/hebergement\/\">R\u00e9servez d\u00e8s maintenant votre h\u00e9bergement<\/a>.<\/p>\n<\/div><\/div><\/section>\n<\/div><\/p><\/div><\/div><!--close column table wrapper. Autoclose: 1 -->\n<\/p>\n<\/div><\/div><\/div><!-- close content main div --><\/div><\/div><div id='av_section_3'  class='avia-section av-jzmnsxik-55d75eb6885c1adf1b30835e12f91269 footer_color avia-section-small avia-no-border-styling  avia-builder-el-16  el_after_av_section  avia-builder-el-last  avia-bg-style-scroll container_wrap fullsize'  ><div class='container av-section-cont-open' ><div class='template-page content  av-content-full alpha units'><div class='post-entry post-entry-type-page post-entry-633'><div class='entry-content-wrapper clearfix'>\n<div class='flex_column_table av-2mbbh-617691a9ce78e4ed0331021acee81ffe sc-av_one_fourth av-equal-height-column-flextable'>\n<style type=\"text\/css\" data-created_by=\"avia_inline_auto\" id=\"style-css-av-2mbbh-617691a9ce78e4ed0331021acee81ffe\">\n.flex_column.av-2mbbh-617691a9ce78e4ed0331021acee81ffe{\nborder-radius:0px 0px 0px 0px;\npadding:0 0 0 0;\n}\n<\/style>\n<div  class='flex_column av-2mbbh-617691a9ce78e4ed0331021acee81ffe av_one_fourth  avia-builder-el-17  el_before_av_one_half  avia-builder-el-first  first no_margin flex_column_table_cell av-equal-height-column av-align-middle av-zero-column-padding  '     ><style type=\"text\/css\" data-created_by=\"avia_inline_auto\" id=\"style-css-av-u6wp-bb27bf07f07da872e0955a3f9a9e032e\">\n#top .av-special-heading.av-u6wp-bb27bf07f07da872e0955a3f9a9e032e{\nmargin:0 0 0 0;\npadding-bottom:0;\nfont-size:20px;\n}\nbody .av-special-heading.av-u6wp-bb27bf07f07da872e0955a3f9a9e032e .av-special-heading-tag .heading-char{\nfont-size:25px;\n}\n#top #wrap_all .av-special-heading.av-u6wp-bb27bf07f07da872e0955a3f9a9e032e .av-special-heading-tag{\nfont-size:20px;\n}\n.av-special-heading.av-u6wp-bb27bf07f07da872e0955a3f9a9e032e .av-subheading{\nfont-size:15px;\n}\n\n@media only screen and (min-width: 768px) and (max-width: 989px){ \n#top #wrap_all .av-special-heading.av-u6wp-bb27bf07f07da872e0955a3f9a9e032e .av-special-heading-tag{\nfont-size:15px;\n}\n.av-special-heading.av-u6wp-bb27bf07f07da872e0955a3f9a9e032e .av-subheading{\nfont-size:12px;\n}\n}\n\n@media only screen and (min-width: 480px) and (max-width: 767px){ \n#top #wrap_all .av-special-heading.av-u6wp-bb27bf07f07da872e0955a3f9a9e032e .av-special-heading-tag{\nfont-size:0.8em;\n}\n}\n\n@media only screen and (max-width: 479px){ \n#top #wrap_all .av-special-heading.av-u6wp-bb27bf07f07da872e0955a3f9a9e032e .av-special-heading-tag{\nfont-size:0.8em;\n}\n}\n<\/style>\n<div  class='av-special-heading av-u6wp-bb27bf07f07da872e0955a3f9a9e032e av-special-heading-h2 blockquote modern-quote modern-centered  avia-builder-el-18  avia-builder-el-no-sibling  av-inherit-size'><h2 class='av-special-heading-tag '  itemprop=\"headline\"  >Newsletter <\/h2><div class='av-subheading av-subheading_below'><p>Restez inform\u00e9s, abonnez-vous.<\/p>\n<\/div><div class=\"special-heading-border\"><div class=\"special-heading-inner-border\"><\/div><\/div><\/div><\/div>\n<style type=\"text\/css\" data-created_by=\"avia_inline_auto\" id=\"style-css-av-21p6t-2ce5b72b7189d43cab6cdfc851fa8060\">\n.flex_column.av-21p6t-2ce5b72b7189d43cab6cdfc851fa8060{\nborder-width:40px;\nborder-style:solid;\nborder-radius:0px 0px 0px 0px;\npadding:0px 0px 0px 0px;\n}\n<\/style>\n<div  class='flex_column av-21p6t-2ce5b72b7189d43cab6cdfc851fa8060 av_one_half  avia-builder-el-19  el_after_av_one_fourth  el_before_av_one_fourth  no_margin flex_column_table_cell av-equal-height-column av-align-middle av-zero-column-padding  '     ><\/div>\n<style type=\"text\/css\" data-created_by=\"avia_inline_auto\" id=\"style-css-av-ah1sh-a23284fa5eff5b13afa666267b086748\">\n.flex_column.av-ah1sh-a23284fa5eff5b13afa666267b086748{\nborder-radius:0px 0px 0px 0px;\npadding:0px 0px 0px 0px;\n}\n<\/style>\n<div  class='flex_column av-ah1sh-a23284fa5eff5b13afa666267b086748 av_one_fourth  avia-builder-el-21  el_after_av_one_half  el_before_av_codeblock  no_margin flex_column_table_cell av-equal-height-column av-align-middle av-zero-column-padding  '     ><style type=\"text\/css\" data-created_by=\"avia_inline_auto\" id=\"style-css-av-k2er8dfh-b0b89d0a5e4cf7bde4e525cf5716a6c2\">\n#top .av_textblock_section.av-k2er8dfh-b0b89d0a5e4cf7bde4e525cf5716a6c2 .avia_textblock{\nfont-size:12px;\n}\n\n@media only screen and (min-width: 768px) and (max-width: 989px){ \n#top .av_textblock_section.av-k2er8dfh-b0b89d0a5e4cf7bde4e525cf5716a6c2 .avia_textblock{\nfont-size:10px;\n}\n}\n<\/style>\n<section  class='av_textblock_section av-k2er8dfh-b0b89d0a5e4cf7bde4e525cf5716a6c2 '   itemscope=\"itemscope\" itemtype=\"https:\/\/schema.org\/CreativeWork\" ><div class='avia_textblock'  itemprop=\"text\" ><p>En cliquant sur \u00ab\u00a0S&rsquo;abonner\u00a0\u00bb, j\u2019accepte de recevoir cette newsletter et je comprends que je peux me d\u00e9sabonner facilement \u00e0 tout moment.<\/p>\n<\/div><\/section><\/div><\/div><!--close column table wrapper. Autoclose: 1 -->\n\n","protected":false},"excerpt":{"rendered":"<p>Quimper le lieu id\u00e9al en Bretagne pour organiser vos \u00e9v\u00e9nements : congr\u00e8s, s\u00e9minaires, salons &#8230;<\/p>\n","protected":false},"author":1,"featured_media":0,"parent":0,"menu_order":0,"comment_status":"closed","ping_status":"closed","template":"","meta":{"footnotes":""},"class_list":["post-633","page","type-page","status-publish","hentry"],"_links":{"self":[{"href":"https:\/\/quimper-evenements.fr\/public\/wp-json\/wp\/v2\/pages\/633","targetHints":{"allow":["GET"]}}],"collection":[{"href":"https:\/\/quimper-evenements.fr\/public\/wp-json\/wp\/v2\/pages"}],"about":[{"href":"https:\/\/quimper-evenements.fr\/public\/wp-json\/wp\/v2\/types\/page"}],"author":[{"embeddable":true,"href":"https:\/\/quimper-evenements.fr\/public\/wp-json\/wp\/v2\/users\/1"}],"replies":[{"embeddable":true,"href":"https:\/\/quimper-evenements.fr\/public\/wp-json\/wp\/v2\/comments?post=633"}],"version-history":[{"count":78,"href":"https:\/\/quimper-evenements.fr\/public\/wp-json\/wp\/v2\/pages\/633\/revisions"}],"predecessor-version":[{"id":5164,"href":"https:\/\/quimper-evenements.fr\/public\/wp-json\/wp\/v2\/pages\/633\/revisions\/5164"}],"wp:attachment":[{"href":"https:\/\/quimper-evenements.fr\/public\/wp-json\/wp\/v2\/media?parent=633"}],"curies":[{"name":"wp","href":"https:\/\/api.w.org\/{rel}","templated":true}]}}