{"id":705,"date":"2019-09-03T16:29:07","date_gmt":"2019-09-03T14:29:07","guid":{"rendered":"http:\/\/quimper-evenements.lan\/public\/?page_id=705"},"modified":"2026-04-29T10:08:42","modified_gmt":"2026-04-29T08:08:42","slug":"contact","status":"publish","type":"page","link":"https:\/\/quimper-evenements.fr\/public\/contact\/","title":{"rendered":"Contact"},"content":{"rendered":"\n<style type=\"text\/css\" data-created_by=\"avia_inline_auto\" id=\"style-css-av-k03rw2nv-ffa734ddd794d9b81111bc5b9691146c\">\n.avia-section.av-k03rw2nv-ffa734ddd794d9b81111bc5b9691146c{\nbackground-repeat:no-repeat;\nbackground-image:url(https:\/\/quimper-evenements.fr\/public\/wp-content\/uploads\/sites\/3\/2019\/09\/quimper-300x225.jpg);\nbackground-position:50% 50%;\nbackground-attachment:scroll;\n}\n.avia-section.av-k03rw2nv-ffa734ddd794d9b81111bc5b9691146c .av-section-color-overlay{\nopacity:0.6;\nbackground-color:#666666;\n}\n<\/style>\n<div id='av_section_1'  class='avia-section av-k03rw2nv-ffa734ddd794d9b81111bc5b9691146c main_color avia-section-default avia-no-border-styling  avia-builder-el-0  el_before_av_section  avia-builder-el-first  avia-full-stretch avia-bg-style-scroll av-section-color-overlay-active av-minimum-height av-minimum-height-custom av-height-custom  container_wrap fullsize'  data-section-bg-repeat='stretch' data-av_minimum_height_px='247'><div class=\"av-section-color-overlay-wrap\"><div class=\"av-section-color-overlay\"><\/div><div class='container av-section-cont-open' style='height:247px'><main  role=\"main\" itemprop=\"mainContentOfPage\"  class='template-page content  av-content-full alpha units'><div class='post-entry post-entry-type-page post-entry-705'><div class='entry-content-wrapper clearfix'>\n\n<style type=\"text\/css\" data-created_by=\"avia_inline_auto\" id=\"style-css-av-k03xbd9r-b5d9b41456d61915c3e1bf7fa5cf6825\">\n#top .av-special-heading.av-k03xbd9r-b5d9b41456d61915c3e1bf7fa5cf6825{\npadding-bottom:10px;\ncolor:#ffffff;\n}\nbody .av-special-heading.av-k03xbd9r-b5d9b41456d61915c3e1bf7fa5cf6825 .av-special-heading-tag .heading-char{\nfont-size:25px;\n}\n.av-special-heading.av-k03xbd9r-b5d9b41456d61915c3e1bf7fa5cf6825 .special-heading-inner-border{\nborder-color:#ffffff;\n}\n.av-special-heading.av-k03xbd9r-b5d9b41456d61915c3e1bf7fa5cf6825 .av-subheading{\nfont-size:25px;\n}\n<\/style>\n<div  class='av-special-heading av-k03xbd9r-b5d9b41456d61915c3e1bf7fa5cf6825 av-special-heading-h1 custom-color-heading blockquote modern-quote  avia-builder-el-1  avia-builder-el-no-sibling '><h1 class='av-special-heading-tag '  itemprop=\"headline\"  >Contact<\/h1><div class=\"special-heading-border\"><div class=\"special-heading-inner-border\"><\/div><\/div><\/div>\n\n<\/div><\/div><\/main><!-- close content main element --><\/div><\/div><\/div><div id='av_section_2'  class='avia-section av-y7mi9-b4bdc66528243662c5fec6dc7608a650 main_color avia-section-small avia-no-border-styling  avia-builder-el-2  el_after_av_section  el_before_av_one_third  avia-bg-style-scroll container_wrap fullsize'  ><div class='container av-section-cont-open' ><div class='template-page content  av-content-full alpha units'><div class='post-entry post-entry-type-page post-entry-705'><div class='entry-content-wrapper clearfix'>\n\n<style type=\"text\/css\" data-created_by=\"avia_inline_auto\" id=\"style-css-av-78hux-2a772828857db23987ec325b2f7ade7f\">\n#top .av-special-heading.av-78hux-2a772828857db23987ec325b2f7ade7f{\npadding-bottom:10px;\n}\nbody .av-special-heading.av-78hux-2a772828857db23987ec325b2f7ade7f .av-special-heading-tag .heading-char{\nfont-size:25px;\n}\n.av-special-heading.av-78hux-2a772828857db23987ec325b2f7ade7f .av-subheading{\nfont-size:15px;\n}\n<\/style>\n<div  class='av-special-heading av-78hux-2a772828857db23987ec325b2f7ade7f av-special-heading-h3  avia-builder-el-3  el_before_av_one_full  avia-builder-el-first  av-linked-heading'><h3 class='av-special-heading-tag '  itemprop=\"headline\"  >Nous contacter<\/h3><div class=\"special-heading-border\"><div class=\"special-heading-inner-border\"><\/div><\/div><\/div>\n\n<style type=\"text\/css\" data-created_by=\"avia_inline_auto\" id=\"style-css-av-9lv5t-086c79ad2e629c313f601959e88033dc\">\n.flex_column.av-9lv5t-086c79ad2e629c313f601959e88033dc{\nborder-radius:0px 0px 0px 0px;\npadding:0px 0px 0px 0px;\n}\n<\/style>\n<div  class='flex_column av-9lv5t-086c79ad2e629c313f601959e88033dc av_one_full  avia-builder-el-4  el_after_av_heading  avia-builder-el-last  first flex_column_div av-zero-column-padding  '     ><p><section  class='av_textblock_section av-k25xks0w-7d4ca31841c57cf8c1b15b884c813e84 '   itemscope=\"itemscope\" itemtype=\"https:\/\/schema.org\/CreativeWork\" ><div class='avia_textblock'  itemprop=\"text\" ><p>Pour toute question n&rsquo;h\u00e9sitez pas \u00e0 nous contacter.<\/p>\n\n<style type=\"text\/css\" data-created_by=\"avia_inline_auto\" id=\"style-css-av-89d0p-16c3fa8e08e589ff7f66c920f16b1256\">\n.av_font_icon.av-89d0p-16c3fa8e08e589ff7f66c920f16b1256 .av-icon-char{\nfont-size:20px;\nline-height:20px;\n}\n<\/style>\n<span  class='av_font_icon av-89d0p-16c3fa8e08e589ff7f66c920f16b1256 avia_animate_when_visible av-icon-style- avia-icon-pos-left avia-iconfont avia-font-entypo-fontello av-no-color avia-icon-animate'><span class='av-icon-char' data-av_icon='\ue81f' data-av_iconfont='entypo-fontello' aria-hidden=\"true\" ><\/span><\/span>\n<p><a href=\"https:\/\/quimper-evenements.fr\/public\/faq\/\" target=\"_blank\" rel=\"noopener\">Pensez \u00e9galement \u00e0 consulter la Foire Aux Questions (FAQ).<\/a><\/p>\n<\/div><\/section><br \/>\n<form action=\"https:\/\/quimper-evenements.fr\/public\/contact\/\" method=\"post\" data-fields-with-error=\"Erreurs trouv\u00e9es dans les champs suivants :\" class=\"avia_ajax_form av-form-labels-visible   avia-builder-el-7  el_after_av_textblock  avia-builder-el-last   \" data-avia-form-id=\"1\" data-avia-redirect='' ><h3 class=''>Contact<\/h3><fieldset><p class='  first_form  form_element form_fullwidth' id='element_avia_1_1'><label for=\"avia_1_1\">Nom <abbr class=\"required\" title=\"requis(e)\">*<\/abbr><\/label> <input name=\"avia_1_1\" class=\"text_input is_empty\" type=\"text\" id=\"avia_1_1\" value=\"\" \/><\/p><p class='  first_form  form_element form_fullwidth' id='element_avia_2_1'><label for=\"avia_2_1\">E-Mail <abbr class=\"required\" title=\"requis(e)\">*<\/abbr><\/label> <input name=\"avia_2_1\" class=\"text_input is_email\" type=\"text\" id=\"avia_2_1\" value=\"\" \/><\/p><p class='  first_form  form_element form_fullwidth' id='element_avia_3_1'><label for=\"avia_3_1\">Sujet <abbr class=\"required\" title=\"requis(e)\">*<\/abbr><\/label> <input name=\"avia_3_1\" class=\"text_input is_empty\" type=\"text\" id=\"avia_3_1\" value=\"\" \/><\/p><p class='  first_form  form_element form_fullwidth' id='element_avia_4_1'><label for=\"avia_4_1\" class=\"textare_label hidden textare_label_avia_4_1\">Message <abbr class=\"required\" title=\"requis(e)\">*<\/abbr><\/label><textarea  name=\"avia_4_1\" class=\"text_area is_empty\" cols=\"40\" rows=\"7\" id=\"avia_4_1\" ><\/textarea><\/p><p class=\"hidden\"><input type=\"text\" name=\"avia_5_1\" class=\"hidden \" id=\"avia_5_1\" value=\"\" \/><\/p><p class='   form_element form_fullwidth' id='element_avia_6_1'><span class='value_verifier_label'>3 + 2 = ?<\/span><input name=\"avia_6_1_verifier\" type=\"hidden\" id=\"avia_6_1_verifier\" value=\"756332671\"\/><label for=\"avia_6_1\">Merci de prouver que vous \u00eates un humain en donnant le r\u00e9sultat de cette op\u00e9ration <abbr class=\"required\" title=\"requis(e)\">*<\/abbr><\/label><input name=\"avia_6_1\" class=\"text_input captcha\" type=\"text\" id=\"avia_6_1\" value=\"\"\/><\/p><p class=\"form_element \"><input type=\"hidden\" value=\"1\" name=\"avia_generated_form1\" \/><input type=\"submit\" value=\"Valider\" class=\"button\"  data-sending-label=\"Envoi\"\/><\/p><\/fieldset><\/form><div id=\"ajaxresponse_1\" class=\"ajaxresponse ajaxresponse_1 hidden\"><\/div><\/p><\/div>\n<\/div><\/div><\/div><!-- close content main div --><\/div><\/div><div id='after_section_2'  class='main_color av_default_container_wrap container_wrap fullsize'  ><div class='container av-section-cont-open' ><div class='template-page content  av-content-full alpha units'><div class='post-entry post-entry-type-page post-entry-705'><div class='entry-content-wrapper clearfix'>\n<div class='flex_column_table av-k06p5r67-213e3b361b153dcf02bf59f549314ab8 sc-av_one_third av-equal-height-column-flextable'>\n<style type=\"text\/css\" data-created_by=\"avia_inline_auto\" id=\"style-css-av-k06p5r67-213e3b361b153dcf02bf59f549314ab8\">\n.flex_column.av-k06p5r67-213e3b361b153dcf02bf59f549314ab8{\nborder-radius:0px 0px 0px 0px;\npadding:0px 0px 0px 0px;\n}\n<\/style>\n<div  class='flex_column av-k06p5r67-213e3b361b153dcf02bf59f549314ab8 av_one_third  avia-builder-el-8  el_after_av_section  el_before_av_section  avia-builder-el-no-sibling  first flex_column_table_cell av-equal-height-column av-align-middle av-zero-column-padding  '     ><section  class='av_textblock_section av-k03xfnho-6b97353a3984890bcb493a271ed0a046 '   itemscope=\"itemscope\" itemtype=\"https:\/\/schema.org\/CreativeWork\" ><div class='avia_textblock'  itemprop=\"text\" ><p>Contactez-nous par t\u00e9l\u00e9phone au <a href=\"tel:0298520016\"><strong>02 98 52 00 16<\/strong><\/a><\/p>\n<p>Quimper \u00c9v\u00e9nements<br \/>\n32 bis rue de Stang Bihan &#8211; 29000 QUIMPER<\/p>\n<\/div><\/section><\/div><\/div><!--close column table wrapper. Autoclose: 1 -->\n<\/div><\/div><\/div><!-- close content main div --><\/div><\/div><div id='av_section_3'  class='avia-section av-gtzcx-30133cdcd1384cca44f76c1cc677f25b main_color avia-section-default avia-no-border-styling  avia-builder-el-10  el_after_av_one_third  el_before_av_section  avia-bg-style-scroll container_wrap fullsize'  ><div class='container av-section-cont-open' ><div class='template-page content  av-content-full alpha units'><div class='post-entry post-entry-type-page post-entry-705'><div class='entry-content-wrapper clearfix'>\n<div  class='hr av-al5zt-f223ba47a84ba83c992c3e47db0e6514 hr-default  avia-builder-el-11  avia-builder-el-no-sibling '><span class='hr-inner '><span class=\"hr-inner-style\"><\/span><\/span><\/div>\n\n<\/div><\/div><\/div><!-- close content main div --><\/div><\/div><div id='av_section_4'  class='avia-section av-jzmnsxik-55d75eb6885c1adf1b30835e12f91269 footer_color avia-section-small avia-no-border-styling  avia-builder-el-12  el_after_av_section  avia-builder-el-last  avia-bg-style-scroll container_wrap fullsize'  ><div class='container av-section-cont-open' ><div class='template-page content  av-content-full alpha units'><div class='post-entry post-entry-type-page post-entry-705'><div class='entry-content-wrapper clearfix'>\n<div class='flex_column_table av-2mbbh-617691a9ce78e4ed0331021acee81ffe sc-av_one_fourth av-equal-height-column-flextable'>\n<style type=\"text\/css\" data-created_by=\"avia_inline_auto\" id=\"style-css-av-2mbbh-617691a9ce78e4ed0331021acee81ffe\">\n.flex_column.av-2mbbh-617691a9ce78e4ed0331021acee81ffe{\nborder-radius:0px 0px 0px 0px;\npadding:0 0 0 0;\n}\n<\/style>\n<div  class='flex_column av-2mbbh-617691a9ce78e4ed0331021acee81ffe av_one_fourth  avia-builder-el-13  el_before_av_one_half  avia-builder-el-first  first no_margin flex_column_table_cell av-equal-height-column av-align-middle av-zero-column-padding  '     ><style type=\"text\/css\" data-created_by=\"avia_inline_auto\" id=\"style-css-av-alw89-e1bf8470449a329fb190b1332e66b881\">\n#top .av-special-heading.av-alw89-e1bf8470449a329fb190b1332e66b881{\nmargin:0 0 0 0;\npadding-bottom:0;\nfont-size:20px;\n}\nbody .av-special-heading.av-alw89-e1bf8470449a329fb190b1332e66b881 .av-special-heading-tag .heading-char{\nfont-size:25px;\n}\n#top #wrap_all .av-special-heading.av-alw89-e1bf8470449a329fb190b1332e66b881 .av-special-heading-tag{\nfont-size:20px;\n}\n.av-special-heading.av-alw89-e1bf8470449a329fb190b1332e66b881 .av-subheading{\nfont-size:15px;\n}\n\n@media only screen and (min-width: 768px) and (max-width: 989px){ \n#top #wrap_all .av-special-heading.av-alw89-e1bf8470449a329fb190b1332e66b881 .av-special-heading-tag{\nfont-size:15px;\n}\n.av-special-heading.av-alw89-e1bf8470449a329fb190b1332e66b881 .av-subheading{\nfont-size:12px;\n}\n}\n\n@media only screen and (min-width: 480px) and (max-width: 767px){ \n#top #wrap_all .av-special-heading.av-alw89-e1bf8470449a329fb190b1332e66b881 .av-special-heading-tag{\nfont-size:0.8em;\n}\n}\n\n@media only screen and (max-width: 479px){ \n#top #wrap_all .av-special-heading.av-alw89-e1bf8470449a329fb190b1332e66b881 .av-special-heading-tag{\nfont-size:0.8em;\n}\n}\n<\/style>\n<div  class='av-special-heading av-alw89-e1bf8470449a329fb190b1332e66b881 av-special-heading-h2 blockquote modern-quote modern-centered  avia-builder-el-14  avia-builder-el-no-sibling  av-inherit-size'><h2 class='av-special-heading-tag '  itemprop=\"headline\"  >Newsletter <\/h2><div class='av-subheading av-subheading_below'><p>Restez inform\u00e9s, abonnez-vous.<\/p>\n<\/div><div class=\"special-heading-border\"><div class=\"special-heading-inner-border\"><\/div><\/div><\/div><\/div>\n<style type=\"text\/css\" data-created_by=\"avia_inline_auto\" id=\"style-css-av-21p6t-2ce5b72b7189d43cab6cdfc851fa8060\">\n.flex_column.av-21p6t-2ce5b72b7189d43cab6cdfc851fa8060{\nborder-width:40px;\nborder-style:solid;\nborder-radius:0px 0px 0px 0px;\npadding:0px 0px 0px 0px;\n}\n<\/style>\n<div  class='flex_column av-21p6t-2ce5b72b7189d43cab6cdfc851fa8060 av_one_half  avia-builder-el-15  el_after_av_one_fourth  el_before_av_one_fourth  no_margin flex_column_table_cell av-equal-height-column av-align-middle av-zero-column-padding  '     ><\/div>\n<style type=\"text\/css\" data-created_by=\"avia_inline_auto\" id=\"style-css-av-7znhd-f307f2b35eb9e33677aac628bb7b2401\">\n.flex_column.av-7znhd-f307f2b35eb9e33677aac628bb7b2401{\nborder-radius:0px 0px 0px 0px;\npadding:0px 0px 0px 0px;\n}\n<\/style>\n<div  class='flex_column av-7znhd-f307f2b35eb9e33677aac628bb7b2401 av_one_fourth  avia-builder-el-17  el_after_av_one_half  el_before_av_codeblock  no_margin flex_column_table_cell av-equal-height-column av-align-middle av-zero-column-padding  '     ><style type=\"text\/css\" data-created_by=\"avia_inline_auto\" id=\"style-css-av-k2er8dfh-b0b89d0a5e4cf7bde4e525cf5716a6c2\">\n#top .av_textblock_section.av-k2er8dfh-b0b89d0a5e4cf7bde4e525cf5716a6c2 .avia_textblock{\nfont-size:12px;\n}\n\n@media only screen and (min-width: 768px) and (max-width: 989px){ \n#top .av_textblock_section.av-k2er8dfh-b0b89d0a5e4cf7bde4e525cf5716a6c2 .avia_textblock{\nfont-size:10px;\n}\n}\n<\/style>\n<section  class='av_textblock_section av-k2er8dfh-b0b89d0a5e4cf7bde4e525cf5716a6c2 '   itemscope=\"itemscope\" itemtype=\"https:\/\/schema.org\/CreativeWork\" ><div class='avia_textblock'  itemprop=\"text\" ><p>En cliquant sur \u00ab\u00a0S&rsquo;abonner\u00a0\u00bb, j\u2019accepte de recevoir cette newsletter et je comprends que je peux me d\u00e9sabonner facilement \u00e0 tout moment.<\/p>\n<\/div><\/section><\/div><\/div><!--close column table wrapper. Autoclose: 1 -->\n\n","protected":false},"excerpt":{"rendered":"<p>Envie d&rsquo;organiser un \u00e9v\u00e9nement? Des questions sur une manifestation? Contactez nous<\/p>\n","protected":false},"author":1,"featured_media":0,"parent":0,"menu_order":0,"comment_status":"closed","ping_status":"closed","template":"","meta":{"footnotes":""},"class_list":["post-705","page","type-page","status-publish","hentry"],"_links":{"self":[{"href":"https:\/\/quimper-evenements.fr\/public\/wp-json\/wp\/v2\/pages\/705","targetHints":{"allow":["GET"]}}],"collection":[{"href":"https:\/\/quimper-evenements.fr\/public\/wp-json\/wp\/v2\/pages"}],"about":[{"href":"https:\/\/quimper-evenements.fr\/public\/wp-json\/wp\/v2\/types\/page"}],"author":[{"embeddable":true,"href":"https:\/\/quimper-evenements.fr\/public\/wp-json\/wp\/v2\/users\/1"}],"replies":[{"embeddable":true,"href":"https:\/\/quimper-evenements.fr\/public\/wp-json\/wp\/v2\/comments?post=705"}],"version-history":[{"count":47,"href":"https:\/\/quimper-evenements.fr\/public\/wp-json\/wp\/v2\/pages\/705\/revisions"}],"predecessor-version":[{"id":5181,"href":"https:\/\/quimper-evenements.fr\/public\/wp-json\/wp\/v2\/pages\/705\/revisions\/5181"}],"wp:attachment":[{"href":"https:\/\/quimper-evenements.fr\/public\/wp-json\/wp\/v2\/media?parent=705"}],"curies":[{"name":"wp","href":"https:\/\/api.w.org\/{rel}","templated":true}]}}